{"id":8586,"date":"2021-11-02T14:22:11","date_gmt":"2021-11-02T13:22:11","guid":{"rendered":"https:\/\/www.haramainvoyages.com\/?page_id=8586"},"modified":"2021-11-02T14:22:11","modified_gmt":"2021-11-02T13:22:11","slug":"hajj-und-omra-agentur-in-der-nahe-von-daubervilliers","status":"publish","type":"page","link":"https:\/\/www.haramainvoyages.com\/de\/hajj-und-omra-agentur-in-der-nahe-von-daubervilliers\/","title":{"rendered":"Hajj- und Omra-Agentur in der N\u00e4he von Aubervilliers"},"content":{"rendered":"<p>Es ist soweit, Sie haben es fast geschafft. Sie haben endlich die Zeit und die Mittel, sich vorzustellen, um den\u00a0<strong>5. S\u00e4ule des Islam<\/strong>... N\u00e4mlich am\u00a0<strong>gro\u00dfe Pilgerreise<\/strong>. Unsere\u00a0<strong>Hajj-Agentur in der N\u00e4he von Aubervilliers\u00a0<\/strong>ist eine\u00a0<strong>muslimisches Reiseb\u00fcro\u00a0<\/strong>spezialisiert auf die\u00a0<strong>Vorbereitung auf Hajj und Umra<\/strong>.<\/p>\n<p>K\u00fcmmern Sie sich um nichts anderes, als sich auf die zweifellos sch\u00f6nste Reise Ihres Lebens vorzubereiten.<\/p>\n<h2><strong>Hajj-Agentur Aubervilliers: ein Tor zu einer symbolischen Reise\u00a0<\/strong><\/h2>\n<p>Unser\u00a0<strong>islamisches Reiseb\u00fcro<\/strong>\u00a0ist sich sehr wohl bewusst, dass sie eine wesentliche Rolle in Ihrem\u00a0<strong>spirituelle Reise\u00a0<\/strong>die eine Pilgerreise darstellt. Denn diese entscheidende Entscheidung wird die Organisation des Aufenthalts bestimmen! Aus diesen Gr\u00fcnden hat sich unser professionelles Team dazu verpflichtet, Ihnen die besten Dienstleistungen unter den bestm\u00f6glichen Bedingungen zu bieten.<\/p>\n<p>Es sei insbesondere daran erinnert, dass diese Reise f\u00fcr jeden, der dazu in der Lage ist, obligatorisch ist:<\/p>\n<p><strong>Allah sagt im Koran: \"Und es ist eine Pflicht gegen\u00fcber Allah f\u00fcr die Leute, die die Mittel haben, die Hajj des Hauses zu verrichten.\" Sure 3, Vers 97<\/strong><\/p>\n<h3><strong>Die von unserer Hajj-Agentur in der N\u00e4he von Aubervilliers angebotenen Pilgerreiseformeln\u00a0<\/strong><\/h3>\n<p>Entdecken Sie unsere\u00a0<strong>Kurzaufenthalte<\/strong>mit 15 bis 16 \u00dcbernachtungen. Aber auch unsere\u00a0<strong>mittlere Aufenthalte<\/strong>Die Sch\u00fclerinnen und Sch\u00fcler hatten 21 bis 22 \u00dcbernachtungen.<\/p>\n<p>Wir sind uns bewusst, dass Sie die Reise Ihres Lebens antreten. Deshalb setzt unsere Hajj-Agentur Aubervilliers alle Hebel in Bewegung, um Ihnen den Weg zu erleichtern.<\/p>\n<p>Unsere Aufenthalte sind komplett und beinhalten den Besuch mehrerer symboltr\u00e4chtiger Orte. Zum Beispiel das\u00a0<strong><a href=\"https:\/\/www.haramainvoyages.com\/de\/mont-ouhoud\/\">Berg Ouhoud<\/a>\u00a0<\/strong>oder die\u00a0<strong>Quba-Moschee<\/strong>. Aber auch religi\u00f6se Begleitung, mit Erkl\u00e4rungen und Unterricht \u00fcber Riten, die Verdienste Medinas und vieles mehr...<\/p>\n<p>Sie k\u00f6nnen nat\u00fcrlich auch die Orte besuchen, an denen die Hajj-Riten stattfinden, z. B.\u00a0<strong>Arafat<\/strong>,\u00a0<strong>Mouzdalifah<\/strong>\u00a0oder in\u00a0<strong>Mina<\/strong>.<\/p>\n<h2><strong>Zu unseren Omra-Angeboten\u00a0<\/strong><\/h2>\n<p>Auch bekannt als \"\u00a0<strong>kleine Hajj\u00a0<\/strong>\", kann die Umra im Gegensatz zur gro\u00dfen Pilgerfahrt in jedem beliebigen Monat des Jahres durchgef\u00fchrt werden.<\/p>\n<p>Wir bieten Ihnen verschiedene Formeln an, n\u00e4mlich :<\/p>\n<ul>\n<li><strong>Standard-Omra, von mindestens 11 \u00dcbernachtungen, aber auch g\u00fcnstige Omra\u00a0<\/strong><\/li>\n<\/ul>\n<p>Diese kann w\u00e4hrend der Monate stattfinden, die von unserem\u00a0<strong>Hajj- und Omra-Agentur, die sich in einem Vorort von Paris befindet.\u00a0<\/strong><\/p>\n<ul>\n<li><strong>Die Formel \u00e0 la carte<\/strong><\/li>\n<\/ul>\n<p>Auf unserer Website gibt es ein Formular, das Sie ausf\u00fcllen k\u00f6nnen, um Ihre Erwartungen anzugeben. Unser Team wird sich bem\u00fchen, diese zu erf\u00fcllen und Sie bei Bedarf zu beraten.<\/p>\n<p>Bei dieser Art von Reisepaket k\u00f6nnen Sie Ihre Reise von A bis Z selbst bestimmen. Sie k\u00f6nnen Ihre Hotels, die Anzahl der gew\u00fcnschten Tage und alle anderen Details, die Sie uns mitteilen m\u00f6chten, selbst bestimmen.<\/p>\n<p><strong>- Die Omra Ramadan<\/strong><\/p>\n<p>Zweifellos eine der sch\u00f6nsten Expeditionen Ihres Lebens, n\u00e4mlich die Durchf\u00fchrung einer<strong>\u00a0<a href=\"https:\/\/www.haramainvoyages.com\/de\/unsere-omra-ramadan\/\">Umra w\u00e4hrend des Monats Ramadan<\/a>.\u00a0<\/strong><\/p>\n<p>So k\u00f6nnen Sie zwischen einem ganzen Monat w\u00e4hlen, oder sich in einer Flucht f\u00fcr<strong>\u00a0die letzten 15 Tage<\/strong>.<\/p>\n<p>Unsere Pauschalangebote \"<strong>\u00a0Omra first\u00a0<\/strong>\" entsprechen Ihren Anforderungen, denn sie sind diejenigen, die einen gewissen Komfort in einem 5-Sterne-Hotel immer in der N\u00e4he von HARAMAIN erf\u00fcllen...<\/p>\n<h2><strong>Hajj-Agentur in der N\u00e4he von Aubervilliers: ein Team zu Ihren Diensten\u00a0<\/strong><\/h2>\n<p>Wenn er an unsere T\u00fcr klopft, ist es nicht einfach nur ein\u00a0<strong>Reiseservice<\/strong>\u00a0auf Sie wartet, sondern eine Begleitung und Beratung. Wir werden uns bem\u00fchen, Ihre Erwartungen und Bed\u00fcrfnisse zu ermitteln, um Ihnen eine ma\u00dfgeschneiderte Dienstleistung anbieten zu k\u00f6nnen.<\/p>\n<p>Die gro\u00dfe Pilgerfahrt und auch die \"kleine Pilgerfahrt\" sind n\u00e4mlich Unternehmungen, die ebenso gro\u00dfartig sind wie sie anstrengend sein k\u00f6nnen. Es ist daher von gr\u00f6\u00dfter Wichtigkeit, dass Sie sich im Vorfeld bestm\u00f6glich auf Ihre Abreise vorbereiten. Und unser Team von der Agentur Hajj Aubervilliers ist speziell daf\u00fcr ausgebildet!<\/p>","protected":false},"excerpt":{"rendered":"<p>\u00c7a y est, vous y \u00eates presque. Vous avez enfin le temps et les moyens de vous projeter pour accomplir le\u00a05\u00e8me pilier de l\u2019islam\u2026 \u00c0 savoir le\u00a0grand p\u00e8lerinage. Notre\u00a0agence Hajj proche d\u2019Aubervilliers\u00a0est une\u00a0agence de voyage musulmane\u00a0sp\u00e9cialis\u00e9e dans la\u00a0pr\u00e9paration du hajj et de la Omra. Ne vous occupez plus de rien, si ce n\u2019est que de [&hellip;]<\/p>","protected":false},"author":1,"featured_media":0,"parent":0,"menu_order":0,"comment_status":"closed","ping_status":"closed","template":"","meta":{"_monsterinsights_skip_tracking":false,"_monsterinsights_sitenote_active":false,"_monsterinsights_sitenote_note":"","_monsterinsights_sitenote_category":0,"footnotes":""},"class_list":["post-8586","page","type-page","status-publish","hentry"],"yoast_head":"<!-- This site is optimized with the Yoast SEO plugin v26.9 - https:\/\/yoast.com\/product\/yoast-seo-wordpress\/ -->\n<title>Agence Hajj et Omra proche d&#039;Aubervilliers | \u00c9quipe exp\u00e9riment\u00e9e<\/title>\n<meta name=\"description\" content=\"Notre\u00a0agence Hajj proche d\u2019Aubervilliers\u00a0est une\u00a0agence de voyage musulmane\u00a0sp\u00e9cialis\u00e9e dans la\u00a0pr\u00e9paration du hajj et de la Omra.\u00a0\" \/>\n<meta name=\"robots\" content=\"index, follow, max-snippet:-1, max-image-preview:large, max-video-preview:-1\" \/>\n<link rel=\"canonical\" href=\"https:\/\/www.haramainvoyages.com\/de\/hajj-und-omra-agentur-in-der-nahe-von-daubervilliers\/\" \/>\n<meta property=\"og:locale\" content=\"de_DE\" \/>\n<meta property=\"og:type\" content=\"article\" \/>\n<meta property=\"og:title\" content=\"Agence Hajj et Omra proche d&#039;Aubervilliers | \u00c9quipe exp\u00e9riment\u00e9e\" \/>\n<meta property=\"og:description\" content=\"Notre\u00a0agence Hajj proche d\u2019Aubervilliers\u00a0est une\u00a0agence de voyage musulmane\u00a0sp\u00e9cialis\u00e9e dans la\u00a0pr\u00e9paration du hajj et de la Omra.\u00a0\" \/>\n<meta property=\"og:url\" content=\"https:\/\/www.haramainvoyages.com\/de\/hajj-und-omra-agentur-in-der-nahe-von-daubervilliers\/\" \/>\n<meta property=\"og:site_name\" content=\"Haramain Voyages\" \/>\n<meta name=\"twitter:card\" content=\"summary_large_image\" \/>\n<meta name=\"twitter:label1\" content=\"Gesch\u00e4tzte Lesezeit\" \/>\n\t<meta name=\"twitter:data1\" content=\"3\u00a0Minuten\" \/>\n<script type=\"application\/ld+json\" class=\"yoast-schema-graph\">{\"@context\":\"https:\/\/schema.org\",\"@graph\":[{\"@type\":\"WebPage\",\"@id\":\"https:\/\/www.haramainvoyages.com\/agence-hajj-et-omra-proche-daubervilliers\/\",\"url\":\"https:\/\/www.haramainvoyages.com\/agence-hajj-et-omra-proche-daubervilliers\/\",\"name\":\"Agence Hajj et Omra proche d'Aubervilliers | \u00c9quipe exp\u00e9riment\u00e9e\",\"isPartOf\":{\"@id\":\"https:\/\/www.haramainvoyages.com\/#website\"},\"datePublished\":\"2021-11-02T13:22:11+00:00\",\"description\":\"Notre\u00a0agence Hajj proche d\u2019Aubervilliers\u00a0est une\u00a0agence de voyage musulmane\u00a0sp\u00e9cialis\u00e9e dans la\u00a0pr\u00e9paration du hajj et de la Omra.\u00a0\",\"breadcrumb\":{\"@id\":\"https:\/\/www.haramainvoyages.com\/agence-hajj-et-omra-proche-daubervilliers\/#breadcrumb\"},\"inLanguage\":\"de\",\"potentialAction\":[{\"@type\":\"ReadAction\",\"target\":[\"https:\/\/www.haramainvoyages.com\/agence-hajj-et-omra-proche-daubervilliers\/\"]}]},{\"@type\":\"BreadcrumbList\",\"@id\":\"https:\/\/www.haramainvoyages.com\/agence-hajj-et-omra-proche-daubervilliers\/#breadcrumb\",\"itemListElement\":[{\"@type\":\"ListItem\",\"position\":1,\"name\":\"Accueil\",\"item\":\"https:\/\/www.haramainvoyages.com\/\"},{\"@type\":\"ListItem\",\"position\":2,\"name\":\"Agence Hajj et Omra proche d&rsquo;Aubervilliers\"}]},{\"@type\":\"WebSite\",\"@id\":\"https:\/\/www.haramainvoyages.com\/#website\",\"url\":\"https:\/\/www.haramainvoyages.com\/\",\"name\":\"Haramain Voyages\",\"description\":\"\",\"publisher\":{\"@id\":\"https:\/\/www.haramainvoyages.com\/#organization\"},\"potentialAction\":[{\"@type\":\"SearchAction\",\"target\":{\"@type\":\"EntryPoint\",\"urlTemplate\":\"https:\/\/www.haramainvoyages.com\/?s={search_term_string}\"},\"query-input\":{\"@type\":\"PropertyValueSpecification\",\"valueRequired\":true,\"valueName\":\"search_term_string\"}}],\"inLanguage\":\"de\"},{\"@type\":\"Organization\",\"@id\":\"https:\/\/www.haramainvoyages.com\/#organization\",\"name\":\"Haramain Voyages\",\"url\":\"https:\/\/www.haramainvoyages.com\/\",\"logo\":{\"@type\":\"ImageObject\",\"inLanguage\":\"de\",\"@id\":\"https:\/\/www.haramainvoyages.com\/#\/schema\/logo\/image\/\",\"url\":\"https:\/\/www.haramainvoyages.com\/wp-content\/uploads\/2019\/12\/lp-logo.jpg\",\"contentUrl\":\"https:\/\/www.haramainvoyages.com\/wp-content\/uploads\/2019\/12\/lp-logo.jpg\",\"width\":283,\"height\":174,\"caption\":\"Haramain Voyages\"},\"image\":{\"@id\":\"https:\/\/www.haramainvoyages.com\/#\/schema\/logo\/image\/\"}}]}<\/script>\n<!-- \/ Yoast SEO plugin. -->","yoast_head_json":{"title":"Hajj- und Omra-Agentur in der N\u00e4he von Aubervilliers | Erfahrenes Team","description":"Unsere Hajj-Agentur in der N\u00e4he von Aubervilliers ist ein muslimisches Reiseb\u00fcro, das sich auf die Vorbereitung der Hajj und der Umra spezialisiert hat.\u00a0","robots":{"index":"index","follow":"follow","max-snippet":"max-snippet:-1","max-image-preview":"max-image-preview:large","max-video-preview":"max-video-preview:-1"},"canonical":"https:\/\/www.haramainvoyages.com\/de\/hajj-und-omra-agentur-in-der-nahe-von-daubervilliers\/","og_locale":"de_DE","og_type":"article","og_title":"Agence Hajj et Omra proche d'Aubervilliers | \u00c9quipe exp\u00e9riment\u00e9e","og_description":"Notre\u00a0agence Hajj proche d\u2019Aubervilliers\u00a0est une\u00a0agence de voyage musulmane\u00a0sp\u00e9cialis\u00e9e dans la\u00a0pr\u00e9paration du hajj et de la Omra.\u00a0","og_url":"https:\/\/www.haramainvoyages.com\/de\/hajj-und-omra-agentur-in-der-nahe-von-daubervilliers\/","og_site_name":"Haramain Voyages","twitter_card":"summary_large_image","twitter_misc":{"Gesch\u00e4tzte Lesezeit":"3\u00a0Minuten"},"schema":{"@context":"https:\/\/schema.org","@graph":[{"@type":"WebPage","@id":"https:\/\/www.haramainvoyages.com\/agence-hajj-et-omra-proche-daubervilliers\/","url":"https:\/\/www.haramainvoyages.com\/agence-hajj-et-omra-proche-daubervilliers\/","name":"Hajj- und Omra-Agentur in der N\u00e4he von Aubervilliers | Erfahrenes Team","isPartOf":{"@id":"https:\/\/www.haramainvoyages.com\/#website"},"datePublished":"2021-11-02T13:22:11+00:00","description":"Unsere Hajj-Agentur in der N\u00e4he von Aubervilliers ist ein muslimisches Reiseb\u00fcro, das sich auf die Vorbereitung der Hajj und der Umra spezialisiert hat.\u00a0","breadcrumb":{"@id":"https:\/\/www.haramainvoyages.com\/agence-hajj-et-omra-proche-daubervilliers\/#breadcrumb"},"inLanguage":"de","potentialAction":[{"@type":"ReadAction","target":["https:\/\/www.haramainvoyages.com\/agence-hajj-et-omra-proche-daubervilliers\/"]}]},{"@type":"BreadcrumbList","@id":"https:\/\/www.haramainvoyages.com\/agence-hajj-et-omra-proche-daubervilliers\/#breadcrumb","itemListElement":[{"@type":"ListItem","position":1,"name":"Accueil","item":"https:\/\/www.haramainvoyages.com\/"},{"@type":"ListItem","position":2,"name":"Agence Hajj et Omra proche d&rsquo;Aubervilliers"}]},{"@type":"WebSite","@id":"https:\/\/www.haramainvoyages.com\/#website","url":"https:\/\/www.haramainvoyages.com\/","name":"Haramain Reisen","description":"","publisher":{"@id":"https:\/\/www.haramainvoyages.com\/#organization"},"potentialAction":[{"@type":"SearchAction","target":{"@type":"EntryPoint","urlTemplate":"https:\/\/www.haramainvoyages.com\/?s={search_term_string}"},"query-input":{"@type":"PropertyValueSpecification","valueRequired":true,"valueName":"search_term_string"}}],"inLanguage":"de"},{"@type":"Organization","@id":"https:\/\/www.haramainvoyages.com\/#organization","name":"Haramain Reisen","url":"https:\/\/www.haramainvoyages.com\/","logo":{"@type":"ImageObject","inLanguage":"de","@id":"https:\/\/www.haramainvoyages.com\/#\/schema\/logo\/image\/","url":"https:\/\/www.haramainvoyages.com\/wp-content\/uploads\/2019\/12\/lp-logo.jpg","contentUrl":"https:\/\/www.haramainvoyages.com\/wp-content\/uploads\/2019\/12\/lp-logo.jpg","width":283,"height":174,"caption":"Haramain Voyages"},"image":{"@id":"https:\/\/www.haramainvoyages.com\/#\/schema\/logo\/image\/"}}]}},"_links":{"self":[{"href":"https:\/\/www.haramainvoyages.com\/de\/wp-json\/wp\/v2\/pages\/8586","targetHints":{"allow":["GET"]}}],"collection":[{"href":"https:\/\/www.haramainvoyages.com\/de\/wp-json\/wp\/v2\/pages"}],"about":[{"href":"https:\/\/www.haramainvoyages.com\/de\/wp-json\/wp\/v2\/types\/page"}],"author":[{"embeddable":true,"href":"https:\/\/www.haramainvoyages.com\/de\/wp-json\/wp\/v2\/users\/1"}],"replies":[{"embeddable":true,"href":"https:\/\/www.haramainvoyages.com\/de\/wp-json\/wp\/v2\/comments?post=8586"}],"version-history":[{"count":1,"href":"https:\/\/www.haramainvoyages.com\/de\/wp-json\/wp\/v2\/pages\/8586\/revisions"}],"predecessor-version":[{"id":8587,"href":"https:\/\/www.haramainvoyages.com\/de\/wp-json\/wp\/v2\/pages\/8586\/revisions\/8587"}],"wp:attachment":[{"href":"https:\/\/www.haramainvoyages.com\/de\/wp-json\/wp\/v2\/media?parent=8586"}],"curies":[{"name":"wp","href":"https:\/\/api.w.org\/{rel}","templated":true}]}}