{"id":8842,"date":"2022-01-24T13:14:21","date_gmt":"2022-01-24T12:14:21","guid":{"rendered":"https:\/\/www.haramainvoyages.com\/?page_id=8842"},"modified":"2022-01-24T13:14:21","modified_gmt":"2022-01-24T12:14:21","slug":"hajj-omra-agentur-la-courneuve","status":"publish","type":"page","link":"https:\/\/www.haramainvoyages.com\/de\/hajj-omra-agentur-la-courneuve\/","title":{"rendered":"Hajj Omra Agentur La Courneuve"},"content":{"rendered":"<p>Sie m\u00f6chten erf\u00fcllen<span>\u00a0<\/span><strong>die Hajj<span>\u00a0<\/span><\/strong>oder<span>\u00a0<\/span><strong>die Umra<\/strong>und suchen Sie nach einer<strong><span>\u00a0<\/span>zuverl\u00e4ssige und vertrauensw\u00fcrdige Agentur<\/strong><span>\u00a0<\/span>? Sie wohnen in der Umgebung von<span>\u00a0<\/span><strong>La Courneuve<span>\u00a0<\/span><\/strong>? Dann suchen Sie nicht weiter! Entdecken Sie Ihren<span>\u00a0<\/span><strong>Hajj Omra Agentur La Courneuve<\/strong>So k\u00f6nnen Sie Ihre spirituelle Reise in aller Ruhe genie\u00dfen!<\/p>\n<h2><strong>Die Angebote Ihrer Hajj Omra Agentur La Courneuve<\/strong><\/h2>\n<p>Entdecken Sie alle Angebote Ihrer Agentur. Egal, f\u00fcr welches Sie sich entscheiden, Qualit\u00e4t, Professionalit\u00e4t und Betreuung werden Sie auf jeden Fall finden!<\/p>\n<h2><strong>Unsere HAJJ-Angebote\u00a0<\/strong><\/h2>\n<p>Die Hajj oder die Reise eines Lebens...<\/p>\n<p>Wir bieten Ihnen zwei hochwertige Formeln an:<\/p>\n<ul>\n<li><strong>Hajj Mittlerer Aufenthalt First :<span>\u00a0<\/span><\/strong>mit einer Dauer von 22 Tagen +\/- 2 Tagen ist die ideale Formel, um Ihre Anbetung und die heiligen Orte in vollen Z\u00fcgen zu genie\u00dfen. Eine intensive Erfahrung in Sicht...<\/li>\n<li><strong>Hajj Kurzaufenthalt :<span>\u00a0<\/span><\/strong>mit einer Dauer von 15 Tagen +\/- 1 Tag. Ideal f\u00fcr diejenigen, die ihre Pflicht trotz eines engen Zeitplans erf\u00fcllen wollen. Eine unvergessliche spirituelle Reise trotz Zwang.<\/li>\n<\/ul>\n<h2><strong>Unsere OMRA-Angebote<\/strong><\/h2>\n<p>Wir bieten Ihnen 4 Omra- oder kleine Pilgerreiseangebote an, um Ihren Bed\u00fcrfnissen auf dieser au\u00dfergew\u00f6hnlichen Reise am besten gerecht zu werden:<\/p>\n<ul>\n<li>Entdecken Sie die<span>\u00a0<\/span><strong>Omra Guter Plan.<span>\u00a0<\/span><\/strong>Ideal f\u00fcr ein knappes Budget! Verrichten Sie Ihren Gottesdienst mit minimalen Ausgaben. Ein Low-Cost-Angebot, aber mit garantierten Leistungen (regelm\u00e4\u00dfige Fl\u00fcge, Hotels mittleren Standards in der N\u00e4he der beiden Moscheen, qualitativ hochwertige Betreuung).<\/li>\n<li>Aber auch<span>\u00a0<\/span><strong><a href=\"https:\/\/www.haramainvoyages.com\/de\/unsere-omra-ramadan\/\">Omra Ramadan<\/a>.<span>\u00a0<\/span><\/strong>Machen Sie das Beste aus dem heiligen Monat, indem Sie die Anbetung kumulieren! Der Hassanats-Tipp!<\/li>\n<\/ul>\n<ul>\n<li>Oder<span>\u00a0<\/span><strong>Omra First.<span>\u00a0<\/span><\/strong>Ideal f\u00fcr Familien! \u00dcberlegener Hotelservice, abwechslungsreiches Programm (Museen, Palmengarten...), f\u00fcr anspruchsvolle Kunden!<\/li>\n<\/ul>\n<ul>\n<li>Endlich,<span>\u00a0<\/span><strong>Omra \u00e0 la carte.<span>\u00a0<\/span><\/strong>Eine ma\u00dfgeschneiderte 100%-Formel! Daten, Hotels, Mahlzeiten: Sie k\u00f6nnen alle Optionen w\u00e4hlen!<\/li>\n<\/ul>\n<h3><strong>Warum sollten Sie sich f\u00fcr unsere Hajj Omra Agentur La Courneuve entscheiden?<\/strong><\/h3>\n<p>Mit 15 Jahren Erfahrung in diesem Bereich haben wir Tausende von Hajjs und 'Omras organisiert.<\/p>\n<p>Wer sich f\u00fcr unsere Agentur entscheidet, entscheidet sich f\u00fcr :<\/p>\n<ul>\n<li><strong>Qualitativ hochwertige Leistungen.<span>\u00a0<\/span><\/strong>Erstens: Best\u00e4tigte und regelm\u00e4\u00dfige Fl\u00fcge mit renommierten Fluggesellschaften. Zweitens: Hotels in der N\u00e4he der heiligen St\u00e4tten, die sauber sind und gutes Essen bieten.<\/li>\n<li><strong>Seri\u00f6se Betreuung.<span>\u00a0<\/span><\/strong>Ein Referenzf\u00fchrer f\u00fcr 45 Pilger sowie ausgebildete, erfahrene Begleiter, alle arabisch- und franz\u00f6sischsprachig<\/li>\n<li><strong>Vertr\u00e4ge, die beruhigen.<\/strong><span>\u00a0<\/span>Ein Kaufvertrag, der die franz\u00f6sische und saudi-arabische Gesetzgebung respektiert, explizite Bedingungen und Konditionen: keine b\u00f6sen \u00dcberraschungen. Dar\u00fcber hinaus bindet uns ein moralischer, ethischer und br\u00fcderlicher Vertrag an jeden unserer Br\u00fcder, der an unseren Reisen teilnimmt.<\/li>\n<li><strong>Eine Antwort auf alle Ihre Fragen.<span>\u00a0<\/span><\/strong>Neben einem Service, der Ihnen von Dienstag bis Samstag von 09:30 bis 13:00 Uhr und von 14:30 bis 18:00 Uhr zur Verf\u00fcgung steht, organisieren wir vor jeder Abreise eine Informationsveranstaltung.<\/li>\n<\/ul>","protected":false},"excerpt":{"rendered":"<p>Vous souhaitez accomplir\u00a0le hajj\u00a0ou\u00a0la omra, et recherchez une\u00a0agence fiable et de confiance\u00a0? Vous habitez aux alentours de\u00a0La Courneuve\u00a0? Ne cherchez plus ! D\u00e9couvrez votre\u00a0Agence hajj Omra La Courneuve, pour profiter pleinement d\u2019un voyage spirituel en toute qui\u00e9tude ! Les offres de votre Agence hajj Omra La Courneuve D\u00e9couvrez toutes les offres de votre agence. Peu [&hellip;]<\/p>","protected":false},"author":1,"featured_media":0,"parent":0,"menu_order":0,"comment_status":"closed","ping_status":"closed","template":"","meta":{"_monsterinsights_skip_tracking":false,"_monsterinsights_sitenote_active":false,"_monsterinsights_sitenote_note":"","_monsterinsights_sitenote_category":0,"footnotes":""},"class_list":["post-8842","page","type-page","status-publish","hentry"],"yoast_head":"<!-- This site is optimized with the Yoast SEO plugin v26.9 - https:\/\/yoast.com\/product\/yoast-seo-wordpress\/ -->\n<title>Agence hajj Omra La Courneuve | Agence exp\u00e9riment\u00e9e de qualit\u00e9<\/title>\n<meta name=\"description\" content=\"D\u00e9couvrez votre\u00a0Agence hajj Omra La Courneuve, pour profiter pleinement d\u2019un voyage spirituel en toute qui\u00e9tude !\" \/>\n<meta name=\"robots\" content=\"index, follow, max-snippet:-1, max-image-preview:large, max-video-preview:-1\" \/>\n<link rel=\"canonical\" href=\"https:\/\/www.haramainvoyages.com\/de\/hajj-omra-agentur-la-courneuve\/\" \/>\n<meta property=\"og:locale\" content=\"de_DE\" \/>\n<meta property=\"og:type\" content=\"article\" \/>\n<meta property=\"og:title\" content=\"Agence hajj Omra La Courneuve | Agence exp\u00e9riment\u00e9e de qualit\u00e9\" \/>\n<meta property=\"og:description\" content=\"D\u00e9couvrez votre\u00a0Agence hajj Omra La Courneuve, pour profiter pleinement d\u2019un voyage spirituel en toute qui\u00e9tude !\" \/>\n<meta property=\"og:url\" content=\"https:\/\/www.haramainvoyages.com\/de\/hajj-omra-agentur-la-courneuve\/\" \/>\n<meta property=\"og:site_name\" content=\"Haramain Voyages\" \/>\n<meta name=\"twitter:card\" content=\"summary_large_image\" \/>\n<meta name=\"twitter:label1\" content=\"Gesch\u00e4tzte Lesezeit\" \/>\n\t<meta name=\"twitter:data1\" content=\"2\u00a0Minuten\" \/>\n<script type=\"application\/ld+json\" class=\"yoast-schema-graph\">{\"@context\":\"https:\/\/schema.org\",\"@graph\":[{\"@type\":\"WebPage\",\"@id\":\"https:\/\/www.haramainvoyages.com\/agence-hajj-omra-la-courneuve\/\",\"url\":\"https:\/\/www.haramainvoyages.com\/agence-hajj-omra-la-courneuve\/\",\"name\":\"Agence hajj Omra La Courneuve | Agence exp\u00e9riment\u00e9e de qualit\u00e9\",\"isPartOf\":{\"@id\":\"https:\/\/www.haramainvoyages.com\/#website\"},\"datePublished\":\"2022-01-24T12:14:21+00:00\",\"description\":\"D\u00e9couvrez votre\u00a0Agence hajj Omra La Courneuve, pour profiter pleinement d\u2019un voyage spirituel en toute qui\u00e9tude !\",\"breadcrumb\":{\"@id\":\"https:\/\/www.haramainvoyages.com\/agence-hajj-omra-la-courneuve\/#breadcrumb\"},\"inLanguage\":\"de\",\"potentialAction\":[{\"@type\":\"ReadAction\",\"target\":[\"https:\/\/www.haramainvoyages.com\/agence-hajj-omra-la-courneuve\/\"]}]},{\"@type\":\"BreadcrumbList\",\"@id\":\"https:\/\/www.haramainvoyages.com\/agence-hajj-omra-la-courneuve\/#breadcrumb\",\"itemListElement\":[{\"@type\":\"ListItem\",\"position\":1,\"name\":\"Accueil\",\"item\":\"https:\/\/www.haramainvoyages.com\/\"},{\"@type\":\"ListItem\",\"position\":2,\"name\":\"Agence hajj Omra La Courneuve\"}]},{\"@type\":\"WebSite\",\"@id\":\"https:\/\/www.haramainvoyages.com\/#website\",\"url\":\"https:\/\/www.haramainvoyages.com\/\",\"name\":\"Haramain Voyages\",\"description\":\"\",\"publisher\":{\"@id\":\"https:\/\/www.haramainvoyages.com\/#organization\"},\"potentialAction\":[{\"@type\":\"SearchAction\",\"target\":{\"@type\":\"EntryPoint\",\"urlTemplate\":\"https:\/\/www.haramainvoyages.com\/?s={search_term_string}\"},\"query-input\":{\"@type\":\"PropertyValueSpecification\",\"valueRequired\":true,\"valueName\":\"search_term_string\"}}],\"inLanguage\":\"de\"},{\"@type\":\"Organization\",\"@id\":\"https:\/\/www.haramainvoyages.com\/#organization\",\"name\":\"Haramain Voyages\",\"url\":\"https:\/\/www.haramainvoyages.com\/\",\"logo\":{\"@type\":\"ImageObject\",\"inLanguage\":\"de\",\"@id\":\"https:\/\/www.haramainvoyages.com\/#\/schema\/logo\/image\/\",\"url\":\"https:\/\/www.haramainvoyages.com\/wp-content\/uploads\/2019\/12\/lp-logo.jpg\",\"contentUrl\":\"https:\/\/www.haramainvoyages.com\/wp-content\/uploads\/2019\/12\/lp-logo.jpg\",\"width\":283,\"height\":174,\"caption\":\"Haramain Voyages\"},\"image\":{\"@id\":\"https:\/\/www.haramainvoyages.com\/#\/schema\/logo\/image\/\"}}]}<\/script>\n<!-- \/ Yoast SEO plugin. -->","yoast_head_json":{"title":"Hajj Omra Agentur La Courneuve | Erfahrene Qualit\u00e4tsagentur","description":"Entdecken Sie Ihre Hajj Omra Agentur La Courneuve, damit Sie eine spirituelle Reise in aller Ruhe genie\u00dfen k\u00f6nnen!","robots":{"index":"index","follow":"follow","max-snippet":"max-snippet:-1","max-image-preview":"max-image-preview:large","max-video-preview":"max-video-preview:-1"},"canonical":"https:\/\/www.haramainvoyages.com\/de\/hajj-omra-agentur-la-courneuve\/","og_locale":"de_DE","og_type":"article","og_title":"Agence hajj Omra La Courneuve | Agence exp\u00e9riment\u00e9e de qualit\u00e9","og_description":"D\u00e9couvrez votre\u00a0Agence hajj Omra La Courneuve, pour profiter pleinement d\u2019un voyage spirituel en toute qui\u00e9tude !","og_url":"https:\/\/www.haramainvoyages.com\/de\/hajj-omra-agentur-la-courneuve\/","og_site_name":"Haramain Voyages","twitter_card":"summary_large_image","twitter_misc":{"Gesch\u00e4tzte Lesezeit":"2\u00a0Minuten"},"schema":{"@context":"https:\/\/schema.org","@graph":[{"@type":"WebPage","@id":"https:\/\/www.haramainvoyages.com\/agence-hajj-omra-la-courneuve\/","url":"https:\/\/www.haramainvoyages.com\/agence-hajj-omra-la-courneuve\/","name":"Hajj Omra Agentur La Courneuve | Erfahrene Qualit\u00e4tsagentur","isPartOf":{"@id":"https:\/\/www.haramainvoyages.com\/#website"},"datePublished":"2022-01-24T12:14:21+00:00","description":"Entdecken Sie Ihre Hajj Omra Agentur La Courneuve, damit Sie eine spirituelle Reise in aller Ruhe genie\u00dfen k\u00f6nnen!","breadcrumb":{"@id":"https:\/\/www.haramainvoyages.com\/agence-hajj-omra-la-courneuve\/#breadcrumb"},"inLanguage":"de","potentialAction":[{"@type":"ReadAction","target":["https:\/\/www.haramainvoyages.com\/agence-hajj-omra-la-courneuve\/"]}]},{"@type":"BreadcrumbList","@id":"https:\/\/www.haramainvoyages.com\/agence-hajj-omra-la-courneuve\/#breadcrumb","itemListElement":[{"@type":"ListItem","position":1,"name":"Accueil","item":"https:\/\/www.haramainvoyages.com\/"},{"@type":"ListItem","position":2,"name":"Agence hajj Omra La Courneuve"}]},{"@type":"WebSite","@id":"https:\/\/www.haramainvoyages.com\/#website","url":"https:\/\/www.haramainvoyages.com\/","name":"Haramain Reisen","description":"","publisher":{"@id":"https:\/\/www.haramainvoyages.com\/#organization"},"potentialAction":[{"@type":"SearchAction","target":{"@type":"EntryPoint","urlTemplate":"https:\/\/www.haramainvoyages.com\/?s={search_term_string}"},"query-input":{"@type":"PropertyValueSpecification","valueRequired":true,"valueName":"search_term_string"}}],"inLanguage":"de"},{"@type":"Organization","@id":"https:\/\/www.haramainvoyages.com\/#organization","name":"Haramain Reisen","url":"https:\/\/www.haramainvoyages.com\/","logo":{"@type":"ImageObject","inLanguage":"de","@id":"https:\/\/www.haramainvoyages.com\/#\/schema\/logo\/image\/","url":"https:\/\/www.haramainvoyages.com\/wp-content\/uploads\/2019\/12\/lp-logo.jpg","contentUrl":"https:\/\/www.haramainvoyages.com\/wp-content\/uploads\/2019\/12\/lp-logo.jpg","width":283,"height":174,"caption":"Haramain Voyages"},"image":{"@id":"https:\/\/www.haramainvoyages.com\/#\/schema\/logo\/image\/"}}]}},"_links":{"self":[{"href":"https:\/\/www.haramainvoyages.com\/de\/wp-json\/wp\/v2\/pages\/8842","targetHints":{"allow":["GET"]}}],"collection":[{"href":"https:\/\/www.haramainvoyages.com\/de\/wp-json\/wp\/v2\/pages"}],"about":[{"href":"https:\/\/www.haramainvoyages.com\/de\/wp-json\/wp\/v2\/types\/page"}],"author":[{"embeddable":true,"href":"https:\/\/www.haramainvoyages.com\/de\/wp-json\/wp\/v2\/users\/1"}],"replies":[{"embeddable":true,"href":"https:\/\/www.haramainvoyages.com\/de\/wp-json\/wp\/v2\/comments?post=8842"}],"version-history":[{"count":1,"href":"https:\/\/www.haramainvoyages.com\/de\/wp-json\/wp\/v2\/pages\/8842\/revisions"}],"predecessor-version":[{"id":8843,"href":"https:\/\/www.haramainvoyages.com\/de\/wp-json\/wp\/v2\/pages\/8842\/revisions\/8843"}],"wp:attachment":[{"href":"https:\/\/www.haramainvoyages.com\/de\/wp-json\/wp\/v2\/media?parent=8842"}],"curies":[{"name":"wp","href":"https:\/\/api.w.org\/{rel}","templated":true}]}}