{"id":4708,"date":"2017-01-15T11:21:46","date_gmt":"2017-01-15T11:21:46","guid":{"rendered":"http:\/\/demo.goodlayers.com\/traveltour\/?page_id=4708"},"modified":"2025-09-26T12:51:19","modified_gmt":"2025-09-26T10:51:19","slug":"hajj-2026","status":"publish","type":"page","link":"https:\/\/www.haramainvoyages.com\/en\/hajj-2026\/","title":{"rendered":"Hajj 2026 (Inscription en cours)"},"content":{"rendered":"","protected":false},"excerpt":{"rendered":"","protected":false},"author":1,"featured_media":0,"parent":0,"menu_order":0,"comment_status":"closed","ping_status":"closed","template":"","meta":{"_monsterinsights_skip_tracking":false,"_monsterinsights_sitenote_active":false,"_monsterinsights_sitenote_note":"","_monsterinsights_sitenote_category":0,"footnotes":""},"class_list":["post-4708","page","type-page","status-publish","hentry"],"yoast_head":"<!-- This site is optimized with the Yoast SEO plugin v26.9 - https:\/\/yoast.com\/product\/yoast-seo-wordpress\/ -->\n<title>Hajj pas cher 2026 (Hadj) I Inscription via Nusuk en cours<\/title>\n<meta name=\"description\" content=\"L&#039;\u00e9quipe Haramain Voyages, met tout en oeuvre pour vous satisfaire et faire de votre Hajj 2026 un r\u00e9el succ\u00e8s. Encadrement de qualit\u00e9.\" \/>\n<meta name=\"robots\" content=\"index, follow, max-snippet:-1, max-image-preview:large, max-video-preview:-1\" \/>\n<link rel=\"canonical\" href=\"https:\/\/www.haramainvoyages.com\/en\/hajj-2026\/\" \/>\n<meta property=\"og:locale\" content=\"en_GB\" \/>\n<meta property=\"og:type\" content=\"article\" \/>\n<meta property=\"og:title\" content=\"Hajj pas cher 2026 (Hadj) I Inscription via Nusuk en cours\" \/>\n<meta property=\"og:description\" content=\"L&#039;\u00e9quipe Haramain Voyages, met tout en oeuvre pour vous satisfaire et faire de votre Hajj 2026 un r\u00e9el succ\u00e8s. Encadrement de qualit\u00e9.\" \/>\n<meta property=\"og:url\" content=\"https:\/\/www.haramainvoyages.com\/en\/hajj-2026\/\" \/>\n<meta property=\"og:site_name\" content=\"Haramain Voyages\" \/>\n<meta property=\"article:modified_time\" content=\"2025-09-26T10:51:19+00:00\" \/>\n<meta name=\"twitter:card\" content=\"summary_large_image\" \/>\n<meta name=\"twitter:label1\" content=\"Estimated reading time\" \/>\n\t<meta name=\"twitter:data1\" content=\"10 minutes\" \/>\n<script type=\"application\/ld+json\" class=\"yoast-schema-graph\">{\"@context\":\"https:\/\/schema.org\",\"@graph\":[{\"@type\":\"WebPage\",\"@id\":\"https:\/\/www.haramainvoyages.com\/hajj\/\",\"url\":\"https:\/\/www.haramainvoyages.com\/hajj\/\",\"name\":\"Hajj pas cher 2026 (Hadj) I Inscription via Nusuk en cours\",\"isPartOf\":{\"@id\":\"https:\/\/www.haramainvoyages.com\/#website\"},\"datePublished\":\"2017-01-15T11:21:46+00:00\",\"dateModified\":\"2025-09-26T10:51:19+00:00\",\"description\":\"L'\u00e9quipe Haramain Voyages, met tout en oeuvre pour vous satisfaire et faire de votre Hajj 2026 un r\u00e9el succ\u00e8s. Encadrement de qualit\u00e9.\",\"breadcrumb\":{\"@id\":\"https:\/\/www.haramainvoyages.com\/hajj\/#breadcrumb\"},\"inLanguage\":\"en-GB\",\"potentialAction\":[{\"@type\":\"ReadAction\",\"target\":[\"https:\/\/www.haramainvoyages.com\/hajj\/\"]}]},{\"@type\":\"BreadcrumbList\",\"@id\":\"https:\/\/www.haramainvoyages.com\/hajj\/#breadcrumb\",\"itemListElement\":[{\"@type\":\"ListItem\",\"position\":1,\"name\":\"Accueil\",\"item\":\"https:\/\/www.haramainvoyages.com\/\"},{\"@type\":\"ListItem\",\"position\":2,\"name\":\"Hajj 2026 (Inscription en cours)\"}]},{\"@type\":\"WebSite\",\"@id\":\"https:\/\/www.haramainvoyages.com\/#website\",\"url\":\"https:\/\/www.haramainvoyages.com\/\",\"name\":\"Haramain Voyages\",\"description\":\"\",\"publisher\":{\"@id\":\"https:\/\/www.haramainvoyages.com\/#organization\"},\"potentialAction\":[{\"@type\":\"SearchAction\",\"target\":{\"@type\":\"EntryPoint\",\"urlTemplate\":\"https:\/\/www.haramainvoyages.com\/?s={search_term_string}\"},\"query-input\":{\"@type\":\"PropertyValueSpecification\",\"valueRequired\":true,\"valueName\":\"search_term_string\"}}],\"inLanguage\":\"en-GB\"},{\"@type\":\"Organization\",\"@id\":\"https:\/\/www.haramainvoyages.com\/#organization\",\"name\":\"Haramain Voyages\",\"url\":\"https:\/\/www.haramainvoyages.com\/\",\"logo\":{\"@type\":\"ImageObject\",\"inLanguage\":\"en-GB\",\"@id\":\"https:\/\/www.haramainvoyages.com\/#\/schema\/logo\/image\/\",\"url\":\"https:\/\/www.haramainvoyages.com\/wp-content\/uploads\/2019\/12\/lp-logo.jpg\",\"contentUrl\":\"https:\/\/www.haramainvoyages.com\/wp-content\/uploads\/2019\/12\/lp-logo.jpg\",\"width\":283,\"height\":174,\"caption\":\"Haramain Voyages\"},\"image\":{\"@id\":\"https:\/\/www.haramainvoyages.com\/#\/schema\/logo\/image\/\"}}]}<\/script>\n<!-- \/ Yoast SEO plugin. -->","yoast_head_json":{"title":"Hajj pas cher 2026 (Hadj) I Inscription via Nusuk en cours","description":"L'\u00e9quipe Haramain Voyages, met tout en oeuvre pour vous satisfaire et faire de votre Hajj 2026 un r\u00e9el succ\u00e8s. Encadrement de qualit\u00e9.","robots":{"index":"index","follow":"follow","max-snippet":"max-snippet:-1","max-image-preview":"max-image-preview:large","max-video-preview":"max-video-preview:-1"},"canonical":"https:\/\/www.haramainvoyages.com\/en\/hajj-2026\/","og_locale":"en_GB","og_type":"article","og_title":"Hajj pas cher 2026 (Hadj) I Inscription via Nusuk en cours","og_description":"L'\u00e9quipe Haramain Voyages, met tout en oeuvre pour vous satisfaire et faire de votre Hajj 2026 un r\u00e9el succ\u00e8s. Encadrement de qualit\u00e9.","og_url":"https:\/\/www.haramainvoyages.com\/en\/hajj-2026\/","og_site_name":"Haramain Voyages","article_modified_time":"2025-09-26T10:51:19+00:00","twitter_card":"summary_large_image","twitter_misc":{"Estimated reading time":"10 minutes"},"schema":{"@context":"https:\/\/schema.org","@graph":[{"@type":"WebPage","@id":"https:\/\/www.haramainvoyages.com\/hajj\/","url":"https:\/\/www.haramainvoyages.com\/hajj\/","name":"Hajj pas cher 2026 (Hadj) I Inscription via Nusuk en cours","isPartOf":{"@id":"https:\/\/www.haramainvoyages.com\/#website"},"datePublished":"2017-01-15T11:21:46+00:00","dateModified":"2025-09-26T10:51:19+00:00","description":"L'\u00e9quipe Haramain Voyages, met tout en oeuvre pour vous satisfaire et faire de votre Hajj 2026 un r\u00e9el succ\u00e8s. Encadrement de qualit\u00e9.","breadcrumb":{"@id":"https:\/\/www.haramainvoyages.com\/hajj\/#breadcrumb"},"inLanguage":"en-GB","potentialAction":[{"@type":"ReadAction","target":["https:\/\/www.haramainvoyages.com\/hajj\/"]}]},{"@type":"BreadcrumbList","@id":"https:\/\/www.haramainvoyages.com\/hajj\/#breadcrumb","itemListElement":[{"@type":"ListItem","position":1,"name":"Accueil","item":"https:\/\/www.haramainvoyages.com\/"},{"@type":"ListItem","position":2,"name":"Hajj 2026 (Inscription en cours)"}]},{"@type":"WebSite","@id":"https:\/\/www.haramainvoyages.com\/#website","url":"https:\/\/www.haramainvoyages.com\/","name":"Haramain Voyages","description":"","publisher":{"@id":"https:\/\/www.haramainvoyages.com\/#organization"},"potentialAction":[{"@type":"SearchAction","target":{"@type":"EntryPoint","urlTemplate":"https:\/\/www.haramainvoyages.com\/?s={search_term_string}"},"query-input":{"@type":"PropertyValueSpecification","valueRequired":true,"valueName":"search_term_string"}}],"inLanguage":"en-GB"},{"@type":"Organization","@id":"https:\/\/www.haramainvoyages.com\/#organization","name":"Haramain Voyages","url":"https:\/\/www.haramainvoyages.com\/","logo":{"@type":"ImageObject","inLanguage":"en-GB","@id":"https:\/\/www.haramainvoyages.com\/#\/schema\/logo\/image\/","url":"https:\/\/www.haramainvoyages.com\/wp-content\/uploads\/2019\/12\/lp-logo.jpg","contentUrl":"https:\/\/www.haramainvoyages.com\/wp-content\/uploads\/2019\/12\/lp-logo.jpg","width":283,"height":174,"caption":"Haramain Voyages"},"image":{"@id":"https:\/\/www.haramainvoyages.com\/#\/schema\/logo\/image\/"}}]}},"_links":{"self":[{"href":"https:\/\/www.haramainvoyages.com\/en\/wp-json\/wp\/v2\/pages\/4708","targetHints":{"allow":["GET"]}}],"collection":[{"href":"https:\/\/www.haramainvoyages.com\/en\/wp-json\/wp\/v2\/pages"}],"about":[{"href":"https:\/\/www.haramainvoyages.com\/en\/wp-json\/wp\/v2\/types\/page"}],"author":[{"embeddable":true,"href":"https:\/\/www.haramainvoyages.com\/en\/wp-json\/wp\/v2\/users\/1"}],"replies":[{"embeddable":true,"href":"https:\/\/www.haramainvoyages.com\/en\/wp-json\/wp\/v2\/comments?post=4708"}],"version-history":[{"count":5,"href":"https:\/\/www.haramainvoyages.com\/en\/wp-json\/wp\/v2\/pages\/4708\/revisions"}],"predecessor-version":[{"id":13941,"href":"https:\/\/www.haramainvoyages.com\/en\/wp-json\/wp\/v2\/pages\/4708\/revisions\/13941"}],"wp:attachment":[{"href":"https:\/\/www.haramainvoyages.com\/en\/wp-json\/wp\/v2\/media?parent=4708"}],"curies":[{"name":"wp","href":"https:\/\/api.w.org\/{rel}","templated":true}]}}