{"id":8586,"date":"2021-11-02T14:22:11","date_gmt":"2021-11-02T13:22:11","guid":{"rendered":"https:\/\/www.haramainvoyages.com\/?page_id=8586"},"modified":"2021-11-02T14:22:11","modified_gmt":"2021-11-02T13:22:11","slug":"hajj-and-omra-agency-near-daubervilliers","status":"publish","type":"page","link":"https:\/\/www.haramainvoyages.com\/en\/hajj-and-omra-agency-near-daubervilliers\/","title":{"rendered":"Hajj and Omra agency near Aubervilliers"},"content":{"rendered":"<p>You're almost there. You've finally got the time and the means to plan ahead and achieve your goal.\u00a0<strong>5th pillar of Islam<\/strong>... Namely the\u00a0<strong>great pilgrimage<\/strong>. Our\u00a0<strong>Hajj agency near Aubervilliers\u00a0<\/strong>is a\u00a0<strong>Muslim travel agency\u00a0<\/strong>specialising in\u00a0<strong>preparing for the hajj and umrah<\/strong>.<\/p>\n<p>Don't worry about anything except getting ready to embark on what will undoubtedly be the greatest journey of your life.<\/p>\n<h2><strong>Agence Hajj Aubervilliers: a gateway to a symbolic journey\u00a0<\/strong><\/h2>\n<p>Our\u00a0<strong>Islamic travel agency<\/strong>\u00a0is well aware that it has an essential role to play in your\u00a0<strong>spiritual journey\u00a0<\/strong>that the pilgrimage represents. This crucial choice will determine the organisation of your stay! That's why our team of professionals is committed to providing you with the best possible service, under the best possible conditions.<\/p>\n<p>Remember that this trip is compulsory for anyone who is able:<\/p>\n<p><strong>Allah says in the Qur'an: \"And it is a duty to Allah for those who can afford it, to go and perform Hajj from Home.\" Sura 3, verse 97<\/strong><\/p>\n<h3><strong>Pilgrimage packages offered by our Hajj agency near Aubervilliers\u00a0<\/strong><\/h3>\n<p>Discover our\u00a0<strong>short-term stays<\/strong>for 15 to 16 nights. But also our\u00a0<strong>medium stays<\/strong>for 21 to 22 nights.<\/p>\n<p>We understand that this is the journey of a lifetime. That's why our Hajj Aubervilliers agency does everything in its power to make the process as easy as possible for you.<\/p>\n<p>Our holidays are fully booked, and include visits to a number of iconic locations. Like the\u00a0<strong><a href=\"https:\/\/www.haramainvoyages.com\/en\/mount-ouhoud\/\">Mount Ouhoud<\/a>\u00a0<\/strong>or the\u00a0<strong>Quba Mosque<\/strong>. But also religious support, with explanations and courses on the rites, the merits of Medina, and much more...<\/p>\n<p>Of course, you can also visit the sites where the hajj rites take place, such as\u00a0<strong>Arafat<\/strong>,\u00a0<strong>Mouzdalifah<\/strong>\u00a0or to\u00a0<strong>Mina<\/strong>.<\/p>\n<h2><strong>About our Umrah offers\u00a0<\/strong><\/h2>\n<p>Also known as\u00a0<strong>small hajj\u00a0<\/strong>\"Unlike the Great Pilgrimage, the Umrah can be performed in any month of the year.<\/p>\n<p>We have a number of packages to choose from:<\/p>\n<ul>\n<li><strong>Standard Umrah, minimum 11 nights, but also cheap Umrahs\u00a0<\/strong><\/li>\n<\/ul>\n<p>This can be done during the months offered by our\u00a0<strong>Hajj and Omra agency located on the outskirts of Paris.\u00a0<\/strong><\/p>\n<ul>\n<li><strong>The \u00e0 la carte formula<\/strong><\/li>\n<\/ul>\n<p>A form to fill in is available on our website so that you can indicate all your requirements. Our team will do its utmost to meet your requirements, while advising you if necessary.<\/p>\n<p>This type of package allows you to decide on your trip from A to Z. In particular, you can choose your hotels, the number of days you would like to spend there, and any special details you would like us to know.<\/p>\n<p><strong>- Ramadan Umrah<\/strong><\/p>\n<p>Undoubtedly one of the most exciting expeditions of your life, taking a<strong>\u00a0<a href=\"https:\/\/www.haramainvoyages.com\/en\/our-omra-ramadan\/\">Umrah during the month of Ramadan<\/a>.\u00a0<\/strong><\/p>\n<p>So you can choose between the whole month, or escape on a getaway to<strong>\u00a0the last 15 days<\/strong>.<\/p>\n<p>Our packages \"<strong>\u00a0Umrah first\u00a0<\/strong>\"These are the kind of hotels that meet your requirements, offering a certain level of comfort in a 5-star hotel that's always close to the HARAMAIN...<\/p>\n<h2><strong>Hajj agency near Aubervilliers: a team at your service\u00a0<\/strong><\/h2>\n<p>By knocking on our door, it's not just a simple\u00a0<strong>travel service<\/strong>\u00a0It's not about what's waiting for you, it's about support and advice. We'll make sure we understand your expectations and target your needs, so we can offer you a tailor-made service!<\/p>\n<p>The great pilgrimage, as well as the \"little pilgrimage\", is as magnificent an undertaking as it can be trying. So it's vital to prepare for your departure in the best possible way. And our team at Hajj Aubervilliers is specially trained to do just that!<\/p>","protected":false},"excerpt":{"rendered":"<p>\u00c7a y est, vous y \u00eates presque. Vous avez enfin le temps et les moyens de vous projeter pour accomplir le\u00a05\u00e8me pilier de l\u2019islam\u2026 \u00c0 savoir le\u00a0grand p\u00e8lerinage. Notre\u00a0agence Hajj proche d\u2019Aubervilliers\u00a0est une\u00a0agence de voyage musulmane\u00a0sp\u00e9cialis\u00e9e dans la\u00a0pr\u00e9paration du hajj et de la Omra. Ne vous occupez plus de rien, si ce n\u2019est que de [&hellip;]<\/p>","protected":false},"author":1,"featured_media":0,"parent":0,"menu_order":0,"comment_status":"closed","ping_status":"closed","template":"","meta":{"_monsterinsights_skip_tracking":false,"_monsterinsights_sitenote_active":false,"_monsterinsights_sitenote_note":"","_monsterinsights_sitenote_category":0,"footnotes":""},"class_list":["post-8586","page","type-page","status-publish","hentry"],"yoast_head":"<!-- This site is optimized with the Yoast SEO plugin v26.9 - https:\/\/yoast.com\/product\/yoast-seo-wordpress\/ -->\n<title>Agence Hajj et Omra proche d&#039;Aubervilliers | \u00c9quipe exp\u00e9riment\u00e9e<\/title>\n<meta name=\"description\" content=\"Notre\u00a0agence Hajj proche d\u2019Aubervilliers\u00a0est une\u00a0agence de voyage musulmane\u00a0sp\u00e9cialis\u00e9e dans la\u00a0pr\u00e9paration du hajj et de la Omra.\u00a0\" \/>\n<meta name=\"robots\" content=\"index, follow, max-snippet:-1, max-image-preview:large, max-video-preview:-1\" \/>\n<link rel=\"canonical\" href=\"https:\/\/www.haramainvoyages.com\/en\/hajj-and-omra-agency-near-daubervilliers\/\" \/>\n<meta property=\"og:locale\" content=\"en_GB\" \/>\n<meta property=\"og:type\" content=\"article\" \/>\n<meta property=\"og:title\" content=\"Agence Hajj et Omra proche d&#039;Aubervilliers | \u00c9quipe exp\u00e9riment\u00e9e\" \/>\n<meta property=\"og:description\" content=\"Notre\u00a0agence Hajj proche d\u2019Aubervilliers\u00a0est une\u00a0agence de voyage musulmane\u00a0sp\u00e9cialis\u00e9e dans la\u00a0pr\u00e9paration du hajj et de la Omra.\u00a0\" \/>\n<meta property=\"og:url\" content=\"https:\/\/www.haramainvoyages.com\/en\/hajj-and-omra-agency-near-daubervilliers\/\" \/>\n<meta property=\"og:site_name\" content=\"Haramain Voyages\" \/>\n<meta name=\"twitter:card\" content=\"summary_large_image\" \/>\n<meta name=\"twitter:label1\" content=\"Estimated reading time\" \/>\n\t<meta name=\"twitter:data1\" content=\"3 minutes\" \/>\n<script type=\"application\/ld+json\" class=\"yoast-schema-graph\">{\"@context\":\"https:\/\/schema.org\",\"@graph\":[{\"@type\":\"WebPage\",\"@id\":\"https:\/\/www.haramainvoyages.com\/agence-hajj-et-omra-proche-daubervilliers\/\",\"url\":\"https:\/\/www.haramainvoyages.com\/agence-hajj-et-omra-proche-daubervilliers\/\",\"name\":\"Agence Hajj et Omra proche d'Aubervilliers | \u00c9quipe exp\u00e9riment\u00e9e\",\"isPartOf\":{\"@id\":\"https:\/\/www.haramainvoyages.com\/#website\"},\"datePublished\":\"2021-11-02T13:22:11+00:00\",\"description\":\"Notre\u00a0agence Hajj proche d\u2019Aubervilliers\u00a0est une\u00a0agence de voyage musulmane\u00a0sp\u00e9cialis\u00e9e dans la\u00a0pr\u00e9paration du hajj et de la Omra.\u00a0\",\"breadcrumb\":{\"@id\":\"https:\/\/www.haramainvoyages.com\/agence-hajj-et-omra-proche-daubervilliers\/#breadcrumb\"},\"inLanguage\":\"en-GB\",\"potentialAction\":[{\"@type\":\"ReadAction\",\"target\":[\"https:\/\/www.haramainvoyages.com\/agence-hajj-et-omra-proche-daubervilliers\/\"]}]},{\"@type\":\"BreadcrumbList\",\"@id\":\"https:\/\/www.haramainvoyages.com\/agence-hajj-et-omra-proche-daubervilliers\/#breadcrumb\",\"itemListElement\":[{\"@type\":\"ListItem\",\"position\":1,\"name\":\"Accueil\",\"item\":\"https:\/\/www.haramainvoyages.com\/\"},{\"@type\":\"ListItem\",\"position\":2,\"name\":\"Agence Hajj et Omra proche d&rsquo;Aubervilliers\"}]},{\"@type\":\"WebSite\",\"@id\":\"https:\/\/www.haramainvoyages.com\/#website\",\"url\":\"https:\/\/www.haramainvoyages.com\/\",\"name\":\"Haramain Voyages\",\"description\":\"\",\"publisher\":{\"@id\":\"https:\/\/www.haramainvoyages.com\/#organization\"},\"potentialAction\":[{\"@type\":\"SearchAction\",\"target\":{\"@type\":\"EntryPoint\",\"urlTemplate\":\"https:\/\/www.haramainvoyages.com\/?s={search_term_string}\"},\"query-input\":{\"@type\":\"PropertyValueSpecification\",\"valueRequired\":true,\"valueName\":\"search_term_string\"}}],\"inLanguage\":\"en-GB\"},{\"@type\":\"Organization\",\"@id\":\"https:\/\/www.haramainvoyages.com\/#organization\",\"name\":\"Haramain Voyages\",\"url\":\"https:\/\/www.haramainvoyages.com\/\",\"logo\":{\"@type\":\"ImageObject\",\"inLanguage\":\"en-GB\",\"@id\":\"https:\/\/www.haramainvoyages.com\/#\/schema\/logo\/image\/\",\"url\":\"https:\/\/www.haramainvoyages.com\/wp-content\/uploads\/2019\/12\/lp-logo.jpg\",\"contentUrl\":\"https:\/\/www.haramainvoyages.com\/wp-content\/uploads\/2019\/12\/lp-logo.jpg\",\"width\":283,\"height\":174,\"caption\":\"Haramain Voyages\"},\"image\":{\"@id\":\"https:\/\/www.haramainvoyages.com\/#\/schema\/logo\/image\/\"}}]}<\/script>\n<!-- \/ Yoast SEO plugin. -->","yoast_head_json":{"title":"Hajj and Umra agency near Aubervilliers | Experienced team","description":"Our Hajj agency near Aubervilliers is a Muslim travel agency specialising in preparation for the Hajj and Umrah.\u00a0","robots":{"index":"index","follow":"follow","max-snippet":"max-snippet:-1","max-image-preview":"max-image-preview:large","max-video-preview":"max-video-preview:-1"},"canonical":"https:\/\/www.haramainvoyages.com\/en\/hajj-and-omra-agency-near-daubervilliers\/","og_locale":"en_GB","og_type":"article","og_title":"Agence Hajj et Omra proche d'Aubervilliers | \u00c9quipe exp\u00e9riment\u00e9e","og_description":"Notre\u00a0agence Hajj proche d\u2019Aubervilliers\u00a0est une\u00a0agence de voyage musulmane\u00a0sp\u00e9cialis\u00e9e dans la\u00a0pr\u00e9paration du hajj et de la Omra.\u00a0","og_url":"https:\/\/www.haramainvoyages.com\/en\/hajj-and-omra-agency-near-daubervilliers\/","og_site_name":"Haramain Voyages","twitter_card":"summary_large_image","twitter_misc":{"Estimated reading time":"3 minutes"},"schema":{"@context":"https:\/\/schema.org","@graph":[{"@type":"WebPage","@id":"https:\/\/www.haramainvoyages.com\/agence-hajj-et-omra-proche-daubervilliers\/","url":"https:\/\/www.haramainvoyages.com\/agence-hajj-et-omra-proche-daubervilliers\/","name":"Hajj and Umra agency near Aubervilliers | Experienced team","isPartOf":{"@id":"https:\/\/www.haramainvoyages.com\/#website"},"datePublished":"2021-11-02T13:22:11+00:00","description":"Our Hajj agency near Aubervilliers is a Muslim travel agency specialising in preparation for the Hajj and Umrah.\u00a0","breadcrumb":{"@id":"https:\/\/www.haramainvoyages.com\/agence-hajj-et-omra-proche-daubervilliers\/#breadcrumb"},"inLanguage":"en-GB","potentialAction":[{"@type":"ReadAction","target":["https:\/\/www.haramainvoyages.com\/agence-hajj-et-omra-proche-daubervilliers\/"]}]},{"@type":"BreadcrumbList","@id":"https:\/\/www.haramainvoyages.com\/agence-hajj-et-omra-proche-daubervilliers\/#breadcrumb","itemListElement":[{"@type":"ListItem","position":1,"name":"Accueil","item":"https:\/\/www.haramainvoyages.com\/"},{"@type":"ListItem","position":2,"name":"Agence Hajj et Omra proche d&rsquo;Aubervilliers"}]},{"@type":"WebSite","@id":"https:\/\/www.haramainvoyages.com\/#website","url":"https:\/\/www.haramainvoyages.com\/","name":"Haramain Voyages","description":"","publisher":{"@id":"https:\/\/www.haramainvoyages.com\/#organization"},"potentialAction":[{"@type":"SearchAction","target":{"@type":"EntryPoint","urlTemplate":"https:\/\/www.haramainvoyages.com\/?s={search_term_string}"},"query-input":{"@type":"PropertyValueSpecification","valueRequired":true,"valueName":"search_term_string"}}],"inLanguage":"en-GB"},{"@type":"Organization","@id":"https:\/\/www.haramainvoyages.com\/#organization","name":"Haramain Voyages","url":"https:\/\/www.haramainvoyages.com\/","logo":{"@type":"ImageObject","inLanguage":"en-GB","@id":"https:\/\/www.haramainvoyages.com\/#\/schema\/logo\/image\/","url":"https:\/\/www.haramainvoyages.com\/wp-content\/uploads\/2019\/12\/lp-logo.jpg","contentUrl":"https:\/\/www.haramainvoyages.com\/wp-content\/uploads\/2019\/12\/lp-logo.jpg","width":283,"height":174,"caption":"Haramain Voyages"},"image":{"@id":"https:\/\/www.haramainvoyages.com\/#\/schema\/logo\/image\/"}}]}},"_links":{"self":[{"href":"https:\/\/www.haramainvoyages.com\/en\/wp-json\/wp\/v2\/pages\/8586","targetHints":{"allow":["GET"]}}],"collection":[{"href":"https:\/\/www.haramainvoyages.com\/en\/wp-json\/wp\/v2\/pages"}],"about":[{"href":"https:\/\/www.haramainvoyages.com\/en\/wp-json\/wp\/v2\/types\/page"}],"author":[{"embeddable":true,"href":"https:\/\/www.haramainvoyages.com\/en\/wp-json\/wp\/v2\/users\/1"}],"replies":[{"embeddable":true,"href":"https:\/\/www.haramainvoyages.com\/en\/wp-json\/wp\/v2\/comments?post=8586"}],"version-history":[{"count":1,"href":"https:\/\/www.haramainvoyages.com\/en\/wp-json\/wp\/v2\/pages\/8586\/revisions"}],"predecessor-version":[{"id":8587,"href":"https:\/\/www.haramainvoyages.com\/en\/wp-json\/wp\/v2\/pages\/8586\/revisions\/8587"}],"wp:attachment":[{"href":"https:\/\/www.haramainvoyages.com\/en\/wp-json\/wp\/v2\/media?parent=8586"}],"curies":[{"name":"wp","href":"https:\/\/api.w.org\/{rel}","templated":true}]}}