{"id":8742,"date":"2021-11-19T16:31:14","date_gmt":"2021-11-19T15:31:14","guid":{"rendered":"https:\/\/www.haramainvoyages.com\/?page_id=8742"},"modified":"2021-11-19T16:31:14","modified_gmt":"2021-11-19T15:31:14","slug":"hajj-omra-agency-near-bobigny","status":"publish","type":"page","link":"https:\/\/www.haramainvoyages.com\/en\/hajj-omra-agency-near-bobigny\/","title":{"rendered":"Hajj &amp; Omra agency near Bobigny"},"content":{"rendered":"<p>What a magnificent act of worship it is to perform the hajj or omra. Whether you are alone or with your family, entrust the organisation of your fabulous journey to your\u00a0<strong>hajj omra agency near Bobigny.<\/strong>\u00a0So you don't have to worry about booking flights and accommodation.<\/p>\n<h2><strong>Why choose the hajj omra agency near Bobigny?\u00a0<\/strong><\/h2>\n<ul>\n<li><strong>Quality flights and accommodation<\/strong><\/li>\n<\/ul>\n<p>We have selected a range of\u00a0<strong>luxury hotels<\/strong>whether in Mecca or Medina. We also work with\u00a0<strong>reliable airlines<\/strong>which operates regular flights.<\/p>\n<ul>\n<li><strong>Professional team<\/strong><\/li>\n<\/ul>\n<p>What's more, the\u00a0<strong>companions<\/strong>\u00a0of the team are perfectly\u00a0<strong>bilingual<\/strong>\u00a0in language\u00a0<strong>Arabic<\/strong>\u00a0and\u00a0<strong>French<\/strong>. This is a considerable asset when it comes to communicating and understanding religious teachings on site. What's more, the team is\u00a0<strong>trained<\/strong>\u00a0and give you the benefit of its\u00a0<strong>strong experience<\/strong>\u00a0with pilgrims.<\/p>\n<ul>\n<li><strong>Proven experience\u00a0<\/strong><\/li>\n<\/ul>\n<p>We also have a strong\u00a0<strong>experience<\/strong>\u00a0more than\u00a0<strong>fifteen<\/strong>\u00a0<strong>years<\/strong>\u00a0in\u00a0<strong>the organisation<\/strong>\u00a0of these extraordinary journeys.<\/p>\n<ul>\n<li><strong>Availability<\/strong><\/li>\n<\/ul>\n<p>Finally, we would like to\u00a0<strong>reassure<\/strong>\u00a0all the pilgrims, which is why we organise a meeting before each departure. We are also\u00a0<strong>can be reached at<\/strong>\u00a0from Tuesday to Saturday from 9.30 am to 1 pm and from 2.30 pm to 6 pm for\u00a0<strong>answer all your questions.\u00a0<\/strong><\/p>\n<h2><strong>The fifth pillar of Islam within your reach with the hajj omra agency near Bobigny\u00a0<\/strong><\/h2>\n<p><strong>The hajj omra Bobigny agency<\/strong>\u00a0offers a range of travel packages for both long and short pilgrimages.<\/p>\n<p><strong>The four omra formulas<\/strong><\/p>\n<ul>\n<li><strong>Ramadan Umrah<\/strong><\/li>\n<\/ul>\n<p>As its name suggests, the stay will take place during the period of\u00a0<a href=\"https:\/\/www.haramainvoyages.com\/en\/our-omra-ramadan\/\"><strong>Ramadan<\/strong><\/a>\u00a0in ch\u00e2a Allah. What a wonderful opportunity to travel to the Holy Land during this blessed month!<\/p>\n<ul>\n<li><strong>Umrah First<\/strong><\/li>\n<\/ul>\n<p>Enjoy all the comfort of\u00a0<strong>Medina<\/strong>\u00a0and\u00a0<strong>Mekkah<\/strong>\u00a0within<strong>\u00a0top-of-the-range hotels<\/strong>\u00a0that we have selected for you. This formula is particularly suitable for\u00a0<strong>families<\/strong>\u00a0and\u00a0<strong>couples<\/strong>. In fact, certain activities are also offered alongside religious rites. These include visits to museums and palm groves.<\/p>\n<ul>\n<li><strong>Good plan Umrah\u00a0<\/strong><\/li>\n<\/ul>\n<p>It is specially designed for people with\u00a0<strong>limited budget<\/strong>. We want everyone to be able to enjoy this unique spiritual journey. And so we are,\u00a0<strong>the agency<\/strong>\u00a0<strong>hajj omra Bobigny\u00a0<\/strong>has thought of smaller budgets while offering quality options.<\/p>\n<ul>\n<li><strong>Umrah \u00e0 la carte\u00a0<\/strong><\/li>\n<\/ul>\n<p>This fourth option is the\u00a0<strong>made-to-measure<\/strong>. Departure date, meals, accommodation - you decide. So, in order to better meet everyone's expectations, we are offering you a choice of\u00a0<strong>omra \u00e0 la carte<\/strong>.<\/p>\n<h3><strong>Long- or medium-stay hajj<\/strong><strong>\u00a0<\/strong><\/h3>\n<ul>\n<li><strong>Medium stay first\u00a0<\/strong><\/li>\n<\/ul>\n<p>With a duration of<strong>\u00a022 days<\/strong>\u00a0with more or less 2 days, you will enjoy all <a href=\"https:\/\/www.haramainvoyages.com\/en\/the-rites-of-the-hajj\/\"><strong>the rites of the Hajj<\/strong><\/a>. From Mekkah to Medina, via Mina and Mount Arafat, enjoy one of your most memorable experiences.<\/p>\n<ul>\n<li><strong>Short stay<\/strong><\/li>\n<\/ul>\n<p>Experience your Hajj over a period of\u00a0<strong>15 days<\/strong>\u00a0(with plus or minus 2 days). So even if you're on a tight schedule, this formula allows you to fulfil your fifth pillar with intensity.<\/p>","protected":false},"excerpt":{"rendered":"<p>Quelle magnifique adoration que d&rsquo;accomplir le hajj ou la omra. Que vous soyez seul, ou en famille, confiez donc l&rsquo;organisation de votre fabuleux voyage \u00e0 votre\u00a0agence hajj omra \u00e0 proximit\u00e9 de Bobigny.\u00a0Ainsi, vous n&rsquo;avez pas besoin de vous pr\u00e9occuper des r\u00e9servations de vol et d&rsquo;h\u00e9bergement. Pourquoi choisir l&rsquo;agence hajj omra \u00e0 proximit\u00e9 de Bobigny ?\u00a0 [&hellip;]<\/p>","protected":false},"author":1,"featured_media":0,"parent":0,"menu_order":0,"comment_status":"closed","ping_status":"closed","template":"","meta":{"_monsterinsights_skip_tracking":false,"_monsterinsights_sitenote_active":false,"_monsterinsights_sitenote_note":"","_monsterinsights_sitenote_category":0,"footnotes":""},"class_list":["post-8742","page","type-page","status-publish","hentry"],"yoast_head":"<!-- This site is optimized with the Yoast SEO plugin v26.9 - https:\/\/yoast.com\/product\/yoast-seo-wordpress\/ -->\n<title>Agence Hajj Omra \u00e0 proximit\u00e9 de Bobigny | Haramain Voyages<\/title>\n<meta name=\"description\" content=\"Que vous soyez seul, ou en famille, confiez donc l&#039;organisation de votre fabuleux voyage \u00e0 votre\u00a0agence hajj omra \u00e0 proximit\u00e9 de Bobigny.\" \/>\n<meta name=\"robots\" content=\"index, follow, max-snippet:-1, max-image-preview:large, max-video-preview:-1\" \/>\n<link rel=\"canonical\" href=\"https:\/\/www.haramainvoyages.com\/en\/hajj-omra-agency-near-bobigny\/\" \/>\n<meta property=\"og:locale\" content=\"en_GB\" \/>\n<meta property=\"og:type\" content=\"article\" \/>\n<meta property=\"og:title\" content=\"Agence Hajj Omra \u00e0 proximit\u00e9 de Bobigny | Haramain Voyages\" \/>\n<meta property=\"og:description\" content=\"Que vous soyez seul, ou en famille, confiez donc l&#039;organisation de votre fabuleux voyage \u00e0 votre\u00a0agence hajj omra \u00e0 proximit\u00e9 de Bobigny.\" \/>\n<meta property=\"og:url\" content=\"https:\/\/www.haramainvoyages.com\/en\/hajj-omra-agency-near-bobigny\/\" \/>\n<meta property=\"og:site_name\" content=\"Haramain Voyages\" \/>\n<meta name=\"twitter:card\" content=\"summary_large_image\" \/>\n<meta name=\"twitter:label1\" content=\"Estimated reading time\" \/>\n\t<meta name=\"twitter:data1\" content=\"3 minutes\" \/>\n<script type=\"application\/ld+json\" class=\"yoast-schema-graph\">{\"@context\":\"https:\/\/schema.org\",\"@graph\":[{\"@type\":\"WebPage\",\"@id\":\"https:\/\/www.haramainvoyages.com\/agence-hajj-omra-a-proximite-de-bobigny\/\",\"url\":\"https:\/\/www.haramainvoyages.com\/agence-hajj-omra-a-proximite-de-bobigny\/\",\"name\":\"Agence Hajj Omra \u00e0 proximit\u00e9 de Bobigny | Haramain Voyages\",\"isPartOf\":{\"@id\":\"https:\/\/www.haramainvoyages.com\/#website\"},\"datePublished\":\"2021-11-19T15:31:14+00:00\",\"description\":\"Que vous soyez seul, ou en famille, confiez donc l'organisation de votre fabuleux voyage \u00e0 votre\u00a0agence hajj omra \u00e0 proximit\u00e9 de Bobigny.\",\"breadcrumb\":{\"@id\":\"https:\/\/www.haramainvoyages.com\/agence-hajj-omra-a-proximite-de-bobigny\/#breadcrumb\"},\"inLanguage\":\"en-GB\",\"potentialAction\":[{\"@type\":\"ReadAction\",\"target\":[\"https:\/\/www.haramainvoyages.com\/agence-hajj-omra-a-proximite-de-bobigny\/\"]}]},{\"@type\":\"BreadcrumbList\",\"@id\":\"https:\/\/www.haramainvoyages.com\/agence-hajj-omra-a-proximite-de-bobigny\/#breadcrumb\",\"itemListElement\":[{\"@type\":\"ListItem\",\"position\":1,\"name\":\"Accueil\",\"item\":\"https:\/\/www.haramainvoyages.com\/\"},{\"@type\":\"ListItem\",\"position\":2,\"name\":\"Agence Hajj &#038; Omra \u00e0 proximit\u00e9 de Bobigny\"}]},{\"@type\":\"WebSite\",\"@id\":\"https:\/\/www.haramainvoyages.com\/#website\",\"url\":\"https:\/\/www.haramainvoyages.com\/\",\"name\":\"Haramain Voyages\",\"description\":\"\",\"publisher\":{\"@id\":\"https:\/\/www.haramainvoyages.com\/#organization\"},\"potentialAction\":[{\"@type\":\"SearchAction\",\"target\":{\"@type\":\"EntryPoint\",\"urlTemplate\":\"https:\/\/www.haramainvoyages.com\/?s={search_term_string}\"},\"query-input\":{\"@type\":\"PropertyValueSpecification\",\"valueRequired\":true,\"valueName\":\"search_term_string\"}}],\"inLanguage\":\"en-GB\"},{\"@type\":\"Organization\",\"@id\":\"https:\/\/www.haramainvoyages.com\/#organization\",\"name\":\"Haramain Voyages\",\"url\":\"https:\/\/www.haramainvoyages.com\/\",\"logo\":{\"@type\":\"ImageObject\",\"inLanguage\":\"en-GB\",\"@id\":\"https:\/\/www.haramainvoyages.com\/#\/schema\/logo\/image\/\",\"url\":\"https:\/\/www.haramainvoyages.com\/wp-content\/uploads\/2019\/12\/lp-logo.jpg\",\"contentUrl\":\"https:\/\/www.haramainvoyages.com\/wp-content\/uploads\/2019\/12\/lp-logo.jpg\",\"width\":283,\"height\":174,\"caption\":\"Haramain Voyages\"},\"image\":{\"@id\":\"https:\/\/www.haramainvoyages.com\/#\/schema\/logo\/image\/\"}}]}<\/script>\n<!-- \/ Yoast SEO plugin. -->","yoast_head_json":{"title":"Hajj Omra agency near Bobigny | Haramain Voyages","description":"Whether you're on your own or with your family, entrust the organisation of your fabulous trip to your hajj omra agency near Bobigny.","robots":{"index":"index","follow":"follow","max-snippet":"max-snippet:-1","max-image-preview":"max-image-preview:large","max-video-preview":"max-video-preview:-1"},"canonical":"https:\/\/www.haramainvoyages.com\/en\/hajj-omra-agency-near-bobigny\/","og_locale":"en_GB","og_type":"article","og_title":"Agence Hajj Omra \u00e0 proximit\u00e9 de Bobigny | Haramain Voyages","og_description":"Que vous soyez seul, ou en famille, confiez donc l'organisation de votre fabuleux voyage \u00e0 votre\u00a0agence hajj omra \u00e0 proximit\u00e9 de Bobigny.","og_url":"https:\/\/www.haramainvoyages.com\/en\/hajj-omra-agency-near-bobigny\/","og_site_name":"Haramain Voyages","twitter_card":"summary_large_image","twitter_misc":{"Estimated reading time":"3 minutes"},"schema":{"@context":"https:\/\/schema.org","@graph":[{"@type":"WebPage","@id":"https:\/\/www.haramainvoyages.com\/agence-hajj-omra-a-proximite-de-bobigny\/","url":"https:\/\/www.haramainvoyages.com\/agence-hajj-omra-a-proximite-de-bobigny\/","name":"Hajj Omra agency near Bobigny | Haramain Voyages","isPartOf":{"@id":"https:\/\/www.haramainvoyages.com\/#website"},"datePublished":"2021-11-19T15:31:14+00:00","description":"Whether you're on your own or with your family, entrust the organisation of your fabulous trip to your hajj omra agency near Bobigny.","breadcrumb":{"@id":"https:\/\/www.haramainvoyages.com\/agence-hajj-omra-a-proximite-de-bobigny\/#breadcrumb"},"inLanguage":"en-GB","potentialAction":[{"@type":"ReadAction","target":["https:\/\/www.haramainvoyages.com\/agence-hajj-omra-a-proximite-de-bobigny\/"]}]},{"@type":"BreadcrumbList","@id":"https:\/\/www.haramainvoyages.com\/agence-hajj-omra-a-proximite-de-bobigny\/#breadcrumb","itemListElement":[{"@type":"ListItem","position":1,"name":"Accueil","item":"https:\/\/www.haramainvoyages.com\/"},{"@type":"ListItem","position":2,"name":"Agence Hajj &#038; Omra \u00e0 proximit\u00e9 de Bobigny"}]},{"@type":"WebSite","@id":"https:\/\/www.haramainvoyages.com\/#website","url":"https:\/\/www.haramainvoyages.com\/","name":"Haramain Voyages","description":"","publisher":{"@id":"https:\/\/www.haramainvoyages.com\/#organization"},"potentialAction":[{"@type":"SearchAction","target":{"@type":"EntryPoint","urlTemplate":"https:\/\/www.haramainvoyages.com\/?s={search_term_string}"},"query-input":{"@type":"PropertyValueSpecification","valueRequired":true,"valueName":"search_term_string"}}],"inLanguage":"en-GB"},{"@type":"Organization","@id":"https:\/\/www.haramainvoyages.com\/#organization","name":"Haramain Voyages","url":"https:\/\/www.haramainvoyages.com\/","logo":{"@type":"ImageObject","inLanguage":"en-GB","@id":"https:\/\/www.haramainvoyages.com\/#\/schema\/logo\/image\/","url":"https:\/\/www.haramainvoyages.com\/wp-content\/uploads\/2019\/12\/lp-logo.jpg","contentUrl":"https:\/\/www.haramainvoyages.com\/wp-content\/uploads\/2019\/12\/lp-logo.jpg","width":283,"height":174,"caption":"Haramain Voyages"},"image":{"@id":"https:\/\/www.haramainvoyages.com\/#\/schema\/logo\/image\/"}}]}},"_links":{"self":[{"href":"https:\/\/www.haramainvoyages.com\/en\/wp-json\/wp\/v2\/pages\/8742","targetHints":{"allow":["GET"]}}],"collection":[{"href":"https:\/\/www.haramainvoyages.com\/en\/wp-json\/wp\/v2\/pages"}],"about":[{"href":"https:\/\/www.haramainvoyages.com\/en\/wp-json\/wp\/v2\/types\/page"}],"author":[{"embeddable":true,"href":"https:\/\/www.haramainvoyages.com\/en\/wp-json\/wp\/v2\/users\/1"}],"replies":[{"embeddable":true,"href":"https:\/\/www.haramainvoyages.com\/en\/wp-json\/wp\/v2\/comments?post=8742"}],"version-history":[{"count":1,"href":"https:\/\/www.haramainvoyages.com\/en\/wp-json\/wp\/v2\/pages\/8742\/revisions"}],"predecessor-version":[{"id":8743,"href":"https:\/\/www.haramainvoyages.com\/en\/wp-json\/wp\/v2\/pages\/8742\/revisions\/8743"}],"wp:attachment":[{"href":"https:\/\/www.haramainvoyages.com\/en\/wp-json\/wp\/v2\/media?parent=8742"}],"curies":[{"name":"wp","href":"https:\/\/api.w.org\/{rel}","templated":true}]}}