{"id":8586,"date":"2021-11-02T14:22:11","date_gmt":"2021-11-02T13:22:11","guid":{"rendered":"https:\/\/www.haramainvoyages.com\/?page_id=8586"},"modified":"2021-11-02T14:22:11","modified_gmt":"2021-11-02T13:22:11","slug":"agencia-hajj-y-omra-cerca-de-daubervilliers","status":"publish","type":"page","link":"https:\/\/www.haramainvoyages.com\/es\/agencia-hajj-y-omra-cerca-de-daubervilliers\/","title":{"rendered":"Agencia de Hajj y Omra cerca de Aubervilliers"},"content":{"rendered":"<p>Ya casi lo has conseguido. Por fin tienes tiempo y medios para planificar y alcanzar tu objetivo.\u00a0<strong>5\u00ba pilar del Islam<\/strong>... A saber\u00a0<strong>gran peregrinaci\u00f3n<\/strong>. Nuestra\u00a0<strong>Agencia para el Hayy cerca de Aubervilliers\u00a0<\/strong>es un\u00a0<strong>Agencia de viajes musulmana\u00a0<\/strong>especializada en\u00a0<strong>preparaci\u00f3n de la peregrinaci\u00f3n menor y mayor<\/strong>.<\/p>\n<p>No se preocupe por nada, excepto por prepararse para embarcarse en lo que sin duda ser\u00e1 el mayor viaje de su vida.<\/p>\n<h2><strong>Agence Hajj Aubervilliers: puerta de entrada a un viaje simb\u00f3lico\u00a0<\/strong><\/h2>\n<p>Nuestra\u00a0<strong>Agencia de viajes isl\u00e1mica<\/strong>\u00a0es consciente de que tiene un papel esencial que desempe\u00f1ar en su\u00a0<strong>viaje espiritual\u00a0<\/strong>que representa la peregrinaci\u00f3n. Esta elecci\u00f3n crucial determinar\u00e1 la organizaci\u00f3n de su estancia. Por eso, nuestro equipo de profesionales se compromete a ofrecerle el mejor servicio posible, en las mejores condiciones.<\/p>\n<p>Recuerde que este viaje es obligatorio para todo aquel que pueda hacerlo:<\/p>\n<p><strong>Allah dice en el Cor\u00e1n: \"Y es un deber para con Allah para aquellos que pueden permit\u00edrselo, ir y realizar el Hayy desde casa.\" Sura 3, vers\u00edculo 97<\/strong><\/p>\n<h3><strong>Los paquetes de peregrinaci\u00f3n ofrecidos por nuestra agencia Hajj cerca de Aubervilliers\u00a0<\/strong><\/h3>\n<p>Descubre nuestra\u00a0<strong>estancias breves<\/strong>durante 15 o 16 noches. Pero tambi\u00e9n nuestro\u00a0<strong>estancias medias<\/strong>de 21 a 22 noches.<\/p>\n<p>Comprendemos que se trata del viaje de su vida. Por eso nuestra agencia Hajj Aubervilliers hace todo lo posible para que el proceso sea lo m\u00e1s sencillo posible para usted.<\/p>\n<p>Nuestras vacaciones est\u00e1n al completo e incluyen visitas a varios lugares emblem\u00e1ticos. Como el\u00a0<strong><a href=\"https:\/\/www.haramainvoyages.com\/es\/monte-ouhoud\/\">Monte Ouhoud<\/a>\u00a0<\/strong>o el\u00a0<strong>Mezquita de Quba<\/strong>. Pero tambi\u00e9n apoyo religioso, con explicaciones y cursos sobre los ritos, los m\u00e9ritos de Medina, y mucho m\u00e1s...<\/p>\n<p>Por supuesto, puede visitar los lugares donde se celebran los ritos del hajj, como\u00a0<strong>Arafat<\/strong>,\u00a0<strong>Mouzdalifah<\/strong>\u00a0o a\u00a0<strong>Mina<\/strong>.<\/p>\n<h2><strong>Acerca de nuestras ofertas para la Umrah\u00a0<\/strong><\/h2>\n<p>Tambi\u00e9n conocido como\u00a0<strong>peque\u00f1o peregrinaje\u00a0<\/strong>\"A diferencia de la Gran Peregrinaci\u00f3n, la Umrah puede realizarse en cualquier mes del a\u00f1o.<\/p>\n<p>Tenemos varios paquetes para elegir:<\/p>\n<ul>\n<li><strong>Umrah est\u00e1ndar, m\u00ednimo 11 noches, pero tambi\u00e9n Umrahs baratos\u00a0<\/strong><\/li>\n<\/ul>\n<p>Esto puede hacerse durante los meses que ofrece nuestro\u00a0<strong>Agencia de Hajj y Omra situada en las afueras de Par\u00eds.\u00a0<\/strong><\/p>\n<ul>\n<li><strong>La f\u00f3rmula a la carta<\/strong><\/li>\n<\/ul>\n<p>En nuestro sitio web encontrar\u00e1 un formulario para rellenar en el que podr\u00e1 indicar todos sus requisitos. Nuestro equipo har\u00e1 todo lo posible por satisfacer sus requisitos, al tiempo que le asesorar\u00e1 si es necesario.<\/p>\n<p>Este tipo de paquete le permite decidir su viaje de la A a la Z. En concreto, puede elegir los hoteles, el n\u00famero de d\u00edas que desea pasar y cualquier detalle especial que desee que conozcamos.<\/p>\n<p><strong>- Ramad\u00e1n Umrah<\/strong><\/p>\n<p>Sin duda una de las expediciones m\u00e1s emocionantes de su vida, tomar un<strong>\u00a0<a href=\"https:\/\/www.haramainvoyages.com\/es\/nuestro-omra-ramadan\/\">Umrah durante el mes de Ramad\u00e1n<\/a>.\u00a0<\/strong><\/p>\n<p>As\u00ed que puede elegir entre todo el mes o escaparse a<strong>\u00a0los \u00faltimos 15 d\u00edas<\/strong>.<\/p>\n<p>Nuestros paquetes \"<strong>\u00a0Umrah primero\u00a0<\/strong>\"Son el tipo de hoteles que responden a sus exigencias, ofreciendo un cierto nivel de confort en un hotel de 5 estrellas que siempre est\u00e1 cerca del HARAMAIN...<\/p>\n<h2><strong>Agencia de Hajj cerca de Aubervilliers: un equipo a su servicio\u00a0<\/strong><\/h2>\n<p>Al llamar a nuestra puerta, no se trata de un simple\u00a0<strong>servicio de viajes<\/strong>\u00a0No se trata de lo que le espera, sino de apoyo y asesoramiento. Nos aseguraremos de que comprendemos sus expectativas y nos centramos en sus necesidades, para poder ofrecerle un servicio a su medida.<\/p>\n<p>La gran peregrinaci\u00f3n, al igual que la \"peque\u00f1a peregrinaci\u00f3n\", es una empresa tan magn\u00edfica como dif\u00edcil. Por ello, es fundamental preparar su partida de la mejor manera posible. Y nuestro equipo de Hajj Aubervilliers est\u00e1 especialmente formado para ello.<\/p>","protected":false},"excerpt":{"rendered":"<p>\u00c7a y est, vous y \u00eates presque. Vous avez enfin le temps et les moyens de vous projeter pour accomplir le\u00a05\u00e8me pilier de l\u2019islam\u2026 \u00c0 savoir le\u00a0grand p\u00e8lerinage. Notre\u00a0agence Hajj proche d\u2019Aubervilliers\u00a0est une\u00a0agence de voyage musulmane\u00a0sp\u00e9cialis\u00e9e dans la\u00a0pr\u00e9paration du hajj et de la Omra. Ne vous occupez plus de rien, si ce n\u2019est que de [&hellip;]<\/p>","protected":false},"author":1,"featured_media":0,"parent":0,"menu_order":0,"comment_status":"closed","ping_status":"closed","template":"","meta":{"_monsterinsights_skip_tracking":false,"_monsterinsights_sitenote_active":false,"_monsterinsights_sitenote_note":"","_monsterinsights_sitenote_category":0,"footnotes":""},"class_list":["post-8586","page","type-page","status-publish","hentry"],"yoast_head":"<!-- This site is optimized with the Yoast SEO plugin v26.9 - https:\/\/yoast.com\/product\/yoast-seo-wordpress\/ -->\n<title>Agence Hajj et Omra proche d&#039;Aubervilliers | \u00c9quipe exp\u00e9riment\u00e9e<\/title>\n<meta name=\"description\" content=\"Notre\u00a0agence Hajj proche d\u2019Aubervilliers\u00a0est une\u00a0agence de voyage musulmane\u00a0sp\u00e9cialis\u00e9e dans la\u00a0pr\u00e9paration du hajj et de la Omra.\u00a0\" \/>\n<meta name=\"robots\" content=\"index, follow, max-snippet:-1, max-image-preview:large, max-video-preview:-1\" \/>\n<link rel=\"canonical\" href=\"https:\/\/www.haramainvoyages.com\/es\/agencia-hajj-y-omra-cerca-de-daubervilliers\/\" \/>\n<meta property=\"og:locale\" content=\"es_ES\" \/>\n<meta property=\"og:type\" content=\"article\" \/>\n<meta property=\"og:title\" content=\"Agence Hajj et Omra proche d&#039;Aubervilliers | \u00c9quipe exp\u00e9riment\u00e9e\" \/>\n<meta property=\"og:description\" content=\"Notre\u00a0agence Hajj proche d\u2019Aubervilliers\u00a0est une\u00a0agence de voyage musulmane\u00a0sp\u00e9cialis\u00e9e dans la\u00a0pr\u00e9paration du hajj et de la Omra.\u00a0\" \/>\n<meta property=\"og:url\" content=\"https:\/\/www.haramainvoyages.com\/es\/agencia-hajj-y-omra-cerca-de-daubervilliers\/\" \/>\n<meta property=\"og:site_name\" content=\"Haramain Voyages\" \/>\n<meta name=\"twitter:card\" content=\"summary_large_image\" \/>\n<meta name=\"twitter:label1\" content=\"Tiempo de lectura\" \/>\n\t<meta name=\"twitter:data1\" content=\"3 minutos\" \/>\n<script type=\"application\/ld+json\" class=\"yoast-schema-graph\">{\"@context\":\"https:\/\/schema.org\",\"@graph\":[{\"@type\":\"WebPage\",\"@id\":\"https:\/\/www.haramainvoyages.com\/agence-hajj-et-omra-proche-daubervilliers\/\",\"url\":\"https:\/\/www.haramainvoyages.com\/agence-hajj-et-omra-proche-daubervilliers\/\",\"name\":\"Agence Hajj et Omra proche d'Aubervilliers | \u00c9quipe exp\u00e9riment\u00e9e\",\"isPartOf\":{\"@id\":\"https:\/\/www.haramainvoyages.com\/#website\"},\"datePublished\":\"2021-11-02T13:22:11+00:00\",\"description\":\"Notre\u00a0agence Hajj proche d\u2019Aubervilliers\u00a0est une\u00a0agence de voyage musulmane\u00a0sp\u00e9cialis\u00e9e dans la\u00a0pr\u00e9paration du hajj et de la Omra.\u00a0\",\"breadcrumb\":{\"@id\":\"https:\/\/www.haramainvoyages.com\/agence-hajj-et-omra-proche-daubervilliers\/#breadcrumb\"},\"inLanguage\":\"es\",\"potentialAction\":[{\"@type\":\"ReadAction\",\"target\":[\"https:\/\/www.haramainvoyages.com\/agence-hajj-et-omra-proche-daubervilliers\/\"]}]},{\"@type\":\"BreadcrumbList\",\"@id\":\"https:\/\/www.haramainvoyages.com\/agence-hajj-et-omra-proche-daubervilliers\/#breadcrumb\",\"itemListElement\":[{\"@type\":\"ListItem\",\"position\":1,\"name\":\"Accueil\",\"item\":\"https:\/\/www.haramainvoyages.com\/\"},{\"@type\":\"ListItem\",\"position\":2,\"name\":\"Agence Hajj et Omra proche d&rsquo;Aubervilliers\"}]},{\"@type\":\"WebSite\",\"@id\":\"https:\/\/www.haramainvoyages.com\/#website\",\"url\":\"https:\/\/www.haramainvoyages.com\/\",\"name\":\"Haramain Voyages\",\"description\":\"\",\"publisher\":{\"@id\":\"https:\/\/www.haramainvoyages.com\/#organization\"},\"potentialAction\":[{\"@type\":\"SearchAction\",\"target\":{\"@type\":\"EntryPoint\",\"urlTemplate\":\"https:\/\/www.haramainvoyages.com\/?s={search_term_string}\"},\"query-input\":{\"@type\":\"PropertyValueSpecification\",\"valueRequired\":true,\"valueName\":\"search_term_string\"}}],\"inLanguage\":\"es\"},{\"@type\":\"Organization\",\"@id\":\"https:\/\/www.haramainvoyages.com\/#organization\",\"name\":\"Haramain Voyages\",\"url\":\"https:\/\/www.haramainvoyages.com\/\",\"logo\":{\"@type\":\"ImageObject\",\"inLanguage\":\"es\",\"@id\":\"https:\/\/www.haramainvoyages.com\/#\/schema\/logo\/image\/\",\"url\":\"https:\/\/www.haramainvoyages.com\/wp-content\/uploads\/2019\/12\/lp-logo.jpg\",\"contentUrl\":\"https:\/\/www.haramainvoyages.com\/wp-content\/uploads\/2019\/12\/lp-logo.jpg\",\"width\":283,\"height\":174,\"caption\":\"Haramain Voyages\"},\"image\":{\"@id\":\"https:\/\/www.haramainvoyages.com\/#\/schema\/logo\/image\/\"}}]}<\/script>\n<!-- \/ Yoast SEO plugin. -->","yoast_head_json":{"title":"Agencia de Hajj y Umra cerca de Aubervilliers | Equipo experimentado","description":"Nuestra agencia de Hayy cerca de Aubervilliers es una agencia de viajes musulmana especializada en la preparaci\u00f3n del Hayy y la Umrah.\u00a0","robots":{"index":"index","follow":"follow","max-snippet":"max-snippet:-1","max-image-preview":"max-image-preview:large","max-video-preview":"max-video-preview:-1"},"canonical":"https:\/\/www.haramainvoyages.com\/es\/agencia-hajj-y-omra-cerca-de-daubervilliers\/","og_locale":"es_ES","og_type":"article","og_title":"Agence Hajj et Omra proche d'Aubervilliers | \u00c9quipe exp\u00e9riment\u00e9e","og_description":"Notre\u00a0agence Hajj proche d\u2019Aubervilliers\u00a0est une\u00a0agence de voyage musulmane\u00a0sp\u00e9cialis\u00e9e dans la\u00a0pr\u00e9paration du hajj et de la Omra.\u00a0","og_url":"https:\/\/www.haramainvoyages.com\/es\/agencia-hajj-y-omra-cerca-de-daubervilliers\/","og_site_name":"Haramain Voyages","twitter_card":"summary_large_image","twitter_misc":{"Tiempo de lectura":"3 minutos"},"schema":{"@context":"https:\/\/schema.org","@graph":[{"@type":"WebPage","@id":"https:\/\/www.haramainvoyages.com\/agence-hajj-et-omra-proche-daubervilliers\/","url":"https:\/\/www.haramainvoyages.com\/agence-hajj-et-omra-proche-daubervilliers\/","name":"Agencia de Hajj y Umra cerca de Aubervilliers | Equipo experimentado","isPartOf":{"@id":"https:\/\/www.haramainvoyages.com\/#website"},"datePublished":"2021-11-02T13:22:11+00:00","description":"Nuestra agencia de Hayy cerca de Aubervilliers es una agencia de viajes musulmana especializada en la preparaci\u00f3n del Hayy y la Umrah.\u00a0","breadcrumb":{"@id":"https:\/\/www.haramainvoyages.com\/agence-hajj-et-omra-proche-daubervilliers\/#breadcrumb"},"inLanguage":"es","potentialAction":[{"@type":"ReadAction","target":["https:\/\/www.haramainvoyages.com\/agence-hajj-et-omra-proche-daubervilliers\/"]}]},{"@type":"BreadcrumbList","@id":"https:\/\/www.haramainvoyages.com\/agence-hajj-et-omra-proche-daubervilliers\/#breadcrumb","itemListElement":[{"@type":"ListItem","position":1,"name":"Accueil","item":"https:\/\/www.haramainvoyages.com\/"},{"@type":"ListItem","position":2,"name":"Agence Hajj et Omra proche d&rsquo;Aubervilliers"}]},{"@type":"WebSite","@id":"https:\/\/www.haramainvoyages.com\/#website","url":"https:\/\/www.haramainvoyages.com\/","name":"Viajes Haramain","description":"","publisher":{"@id":"https:\/\/www.haramainvoyages.com\/#organization"},"potentialAction":[{"@type":"SearchAction","target":{"@type":"EntryPoint","urlTemplate":"https:\/\/www.haramainvoyages.com\/?s={search_term_string}"},"query-input":{"@type":"PropertyValueSpecification","valueRequired":true,"valueName":"search_term_string"}}],"inLanguage":"es"},{"@type":"Organization","@id":"https:\/\/www.haramainvoyages.com\/#organization","name":"Viajes Haramain","url":"https:\/\/www.haramainvoyages.com\/","logo":{"@type":"ImageObject","inLanguage":"es","@id":"https:\/\/www.haramainvoyages.com\/#\/schema\/logo\/image\/","url":"https:\/\/www.haramainvoyages.com\/wp-content\/uploads\/2019\/12\/lp-logo.jpg","contentUrl":"https:\/\/www.haramainvoyages.com\/wp-content\/uploads\/2019\/12\/lp-logo.jpg","width":283,"height":174,"caption":"Haramain Voyages"},"image":{"@id":"https:\/\/www.haramainvoyages.com\/#\/schema\/logo\/image\/"}}]}},"_links":{"self":[{"href":"https:\/\/www.haramainvoyages.com\/es\/wp-json\/wp\/v2\/pages\/8586","targetHints":{"allow":["GET"]}}],"collection":[{"href":"https:\/\/www.haramainvoyages.com\/es\/wp-json\/wp\/v2\/pages"}],"about":[{"href":"https:\/\/www.haramainvoyages.com\/es\/wp-json\/wp\/v2\/types\/page"}],"author":[{"embeddable":true,"href":"https:\/\/www.haramainvoyages.com\/es\/wp-json\/wp\/v2\/users\/1"}],"replies":[{"embeddable":true,"href":"https:\/\/www.haramainvoyages.com\/es\/wp-json\/wp\/v2\/comments?post=8586"}],"version-history":[{"count":1,"href":"https:\/\/www.haramainvoyages.com\/es\/wp-json\/wp\/v2\/pages\/8586\/revisions"}],"predecessor-version":[{"id":8587,"href":"https:\/\/www.haramainvoyages.com\/es\/wp-json\/wp\/v2\/pages\/8586\/revisions\/8587"}],"wp:attachment":[{"href":"https:\/\/www.haramainvoyages.com\/es\/wp-json\/wp\/v2\/media?parent=8586"}],"curies":[{"name":"wp","href":"https:\/\/api.w.org\/{rel}","templated":true}]}}