{"id":8742,"date":"2021-11-19T16:31:14","date_gmt":"2021-11-19T15:31:14","guid":{"rendered":"https:\/\/www.haramainvoyages.com\/?page_id=8742"},"modified":"2021-11-19T16:31:14","modified_gmt":"2021-11-19T15:31:14","slug":"agencia-omra-hajj-cerca-de-bobigny","status":"publish","type":"page","link":"https:\/\/www.haramainvoyages.com\/es\/agencia-omra-hajj-cerca-de-bobigny\/","title":{"rendered":"Agencia Hajj &amp; Omra cerca de Bobigny"},"content":{"rendered":"<p>Qu\u00e9 magn\u00edfico acto de culto es realizar el hajj u omra. Tanto si est\u00e1 solo como en familia, conf\u00ede la organizaci\u00f3n de su fabuloso viaje a su\u00a0<strong>agencia omra hajj cerca de Bobigny.<\/strong>\u00a0As\u00ed no tendr\u00e1 que preocuparse de reservar vuelos y alojamiento.<\/p>\n<h2><strong>\u00bfPor qu\u00e9 elegir la agencia omra hajj cerca de Bobigny?\u00a0<\/strong><\/h2>\n<ul>\n<li><strong>Vuelos y alojamiento de calidad<\/strong><\/li>\n<\/ul>\n<p>Hemos seleccionado una serie de\u00a0<strong>hoteles de lujo<\/strong>ya sea en La Meca o en Medina. Tambi\u00e9n trabajamos con\u00a0<strong>aerol\u00edneas fiables<\/strong>que opera vuelos regulares.<\/p>\n<ul>\n<li><strong>Equipo profesional<\/strong><\/li>\n<\/ul>\n<p>Adem\u00e1s, el\u00a0<strong>compa\u00f1eros<\/strong>\u00a0del equipo son perfectamente\u00a0<strong>biling\u00fce<\/strong>\u00a0en lengua\u00a0<strong>\u00c1rabe<\/strong>\u00a0y\u00a0<strong>Franc\u00e9s<\/strong>. Se trata de una ventaja considerable a la hora de comunicar y comprender las ense\u00f1anzas religiosas in situ. Adem\u00e1s, el equipo\u00a0<strong>formado<\/strong>\u00a0y darle el beneficio de su\u00a0<strong>gran experiencia<\/strong>\u00a0con peregrinos.<\/p>\n<ul>\n<li><strong>Experiencia demostrada\u00a0<\/strong><\/li>\n<\/ul>\n<p>Tambi\u00e9n contamos con un\u00a0<strong>experiencia<\/strong>\u00a0m\u00e1s de\u00a0<strong>quince<\/strong>\u00a0<strong>a\u00f1os<\/strong>\u00a0en\u00a0<strong>la organizaci\u00f3n<\/strong>\u00a0de estos extraordinarios viajes.<\/p>\n<ul>\n<li><strong>Disponibilidad<\/strong><\/li>\n<\/ul>\n<p>Por \u00faltimo, nos gustar\u00eda\u00a0<strong>tranquilizar<\/strong>\u00a0todos los peregrinos, por lo que organizamos una reuni\u00f3n antes de cada salida. Tambi\u00e9n somos\u00a0<strong>en<\/strong>\u00a0de martes a s\u00e1bado de 9.30 a 13.00 horas y de 14.30 a 18.00 horas para\u00a0<strong>responder a todas sus preguntas.\u00a0<\/strong><\/p>\n<h2><strong>El quinto pilar del Islam a su alcance con la agencia hajj omra cerca de Bobigny\u00a0<\/strong><\/h2>\n<p><strong>La agencia hajj omra Bobigny<\/strong>\u00a0ofrece una gama de paquetes de viaje tanto para peregrinaciones largas como cortas.<\/p>\n<p><strong>Las cuatro f\u00f3rmulas omra<\/strong><\/p>\n<ul>\n<li><strong>Ramad\u00e1n Umrah<\/strong><\/li>\n<\/ul>\n<p>Como su nombre indica, la estancia tendr\u00e1 lugar durante el periodo de\u00a0<a href=\"https:\/\/www.haramainvoyages.com\/es\/nuestro-omra-ramadan\/\"><strong>Ramad\u00e1n<\/strong><\/a>\u00a0in ch\u00e2a Allah. \u00a1Qu\u00e9 maravillosa oportunidad de viajar a Tierra Santa durante este bendito mes!<\/p>\n<ul>\n<li><strong>La Umrah primero<\/strong><\/li>\n<\/ul>\n<p>Disfrute de toda la comodidad de\u00a0<strong>Medina<\/strong>\u00a0y\u00a0<strong>Mekkah<\/strong>\u00a0en<strong>\u00a0hoteles de gama alta<\/strong>\u00a0que hemos seleccionado para usted. Esta f\u00f3rmula est\u00e1 especialmente indicada para\u00a0<strong>familias<\/strong>\u00a0y\u00a0<strong>parejas<\/strong>. De hecho, junto a los ritos religiosos tambi\u00e9n se ofrecen ciertas actividades. Entre ellas, visitas a museos y palmerales.<\/p>\n<ul>\n<li><strong>Buen plan Umrah\u00a0<\/strong><\/li>\n<\/ul>\n<p>Est\u00e1 especialmente dise\u00f1ado para personas con\u00a0<strong>presupuesto limitado<\/strong>. Queremos que todo el mundo pueda disfrutar de este viaje espiritual \u00fanico. Y as\u00ed lo hacemos,\u00a0<strong>la agencia<\/strong>\u00a0<strong>hajj omra Bobigny\u00a0<\/strong>ha pensado en los presupuestos m\u00e1s reducidos al tiempo que ofrece opciones de calidad.<\/p>\n<ul>\n<li><strong>Umrah a la carta\u00a0<\/strong><\/li>\n<\/ul>\n<p>Esta cuarta opci\u00f3n es la\u00a0<strong>a medida<\/strong>. Fecha de salida, comidas, alojamiento... usted decide. Para responder mejor a las expectativas de cada uno, le proponemos las siguientes opciones\u00a0<strong>omra a la carta<\/strong>.<\/p>\n<h3><strong>Hayy de larga o media estancia<\/strong><strong>\u00a0<\/strong><\/h3>\n<ul>\n<li><strong>Estancia media primero\u00a0<\/strong><\/li>\n<\/ul>\n<p>Con una duraci\u00f3n de<strong>\u00a022 d\u00edas<\/strong>\u00a0con m\u00e1s o menos 2 d\u00edas, disfrutar\u00e1 de todo <a href=\"https:\/\/www.haramainvoyages.com\/es\/los-ritos-del-hayy\/\"><strong>los ritos del Hayy<\/strong><\/a>. De Mekkah a Medina, pasando por Mina y el monte Arafat, disfrute de una de sus experiencias m\u00e1s memorables.<\/p>\n<ul>\n<li><strong>Estancia corta<\/strong><\/li>\n<\/ul>\n<p>Viva su Hayy durante\u00a0<strong>15 d\u00edas<\/strong>\u00a0(con m\u00e1s o menos 2 d\u00edas). As\u00ed que, aunque tengas una agenda apretada, esta f\u00f3rmula te permite completar tu quinto pilar de forma intensiva.<\/p>","protected":false},"excerpt":{"rendered":"<p>Quelle magnifique adoration que d&rsquo;accomplir le hajj ou la omra. Que vous soyez seul, ou en famille, confiez donc l&rsquo;organisation de votre fabuleux voyage \u00e0 votre\u00a0agence hajj omra \u00e0 proximit\u00e9 de Bobigny.\u00a0Ainsi, vous n&rsquo;avez pas besoin de vous pr\u00e9occuper des r\u00e9servations de vol et d&rsquo;h\u00e9bergement. Pourquoi choisir l&rsquo;agence hajj omra \u00e0 proximit\u00e9 de Bobigny ?\u00a0 [&hellip;]<\/p>","protected":false},"author":1,"featured_media":0,"parent":0,"menu_order":0,"comment_status":"closed","ping_status":"closed","template":"","meta":{"_monsterinsights_skip_tracking":false,"_monsterinsights_sitenote_active":false,"_monsterinsights_sitenote_note":"","_monsterinsights_sitenote_category":0,"footnotes":""},"class_list":["post-8742","page","type-page","status-publish","hentry"],"yoast_head":"<!-- This site is optimized with the Yoast SEO plugin v26.9 - https:\/\/yoast.com\/product\/yoast-seo-wordpress\/ -->\n<title>Agence Hajj Omra \u00e0 proximit\u00e9 de Bobigny | Haramain Voyages<\/title>\n<meta name=\"description\" content=\"Que vous soyez seul, ou en famille, confiez donc l&#039;organisation de votre fabuleux voyage \u00e0 votre\u00a0agence hajj omra \u00e0 proximit\u00e9 de Bobigny.\" \/>\n<meta name=\"robots\" content=\"index, follow, max-snippet:-1, max-image-preview:large, max-video-preview:-1\" \/>\n<link rel=\"canonical\" href=\"https:\/\/www.haramainvoyages.com\/es\/agencia-omra-hajj-cerca-de-bobigny\/\" \/>\n<meta property=\"og:locale\" content=\"es_ES\" \/>\n<meta property=\"og:type\" content=\"article\" \/>\n<meta property=\"og:title\" content=\"Agence Hajj Omra \u00e0 proximit\u00e9 de Bobigny | Haramain Voyages\" \/>\n<meta property=\"og:description\" content=\"Que vous soyez seul, ou en famille, confiez donc l&#039;organisation de votre fabuleux voyage \u00e0 votre\u00a0agence hajj omra \u00e0 proximit\u00e9 de Bobigny.\" \/>\n<meta property=\"og:url\" content=\"https:\/\/www.haramainvoyages.com\/es\/agencia-omra-hajj-cerca-de-bobigny\/\" \/>\n<meta property=\"og:site_name\" content=\"Haramain Voyages\" \/>\n<meta name=\"twitter:card\" content=\"summary_large_image\" \/>\n<meta name=\"twitter:label1\" content=\"Tiempo de lectura\" \/>\n\t<meta name=\"twitter:data1\" content=\"3 minutos\" \/>\n<script type=\"application\/ld+json\" class=\"yoast-schema-graph\">{\"@context\":\"https:\/\/schema.org\",\"@graph\":[{\"@type\":\"WebPage\",\"@id\":\"https:\/\/www.haramainvoyages.com\/agence-hajj-omra-a-proximite-de-bobigny\/\",\"url\":\"https:\/\/www.haramainvoyages.com\/agence-hajj-omra-a-proximite-de-bobigny\/\",\"name\":\"Agence Hajj Omra \u00e0 proximit\u00e9 de Bobigny | Haramain Voyages\",\"isPartOf\":{\"@id\":\"https:\/\/www.haramainvoyages.com\/#website\"},\"datePublished\":\"2021-11-19T15:31:14+00:00\",\"description\":\"Que vous soyez seul, ou en famille, confiez donc l'organisation de votre fabuleux voyage \u00e0 votre\u00a0agence hajj omra \u00e0 proximit\u00e9 de Bobigny.\",\"breadcrumb\":{\"@id\":\"https:\/\/www.haramainvoyages.com\/agence-hajj-omra-a-proximite-de-bobigny\/#breadcrumb\"},\"inLanguage\":\"es\",\"potentialAction\":[{\"@type\":\"ReadAction\",\"target\":[\"https:\/\/www.haramainvoyages.com\/agence-hajj-omra-a-proximite-de-bobigny\/\"]}]},{\"@type\":\"BreadcrumbList\",\"@id\":\"https:\/\/www.haramainvoyages.com\/agence-hajj-omra-a-proximite-de-bobigny\/#breadcrumb\",\"itemListElement\":[{\"@type\":\"ListItem\",\"position\":1,\"name\":\"Accueil\",\"item\":\"https:\/\/www.haramainvoyages.com\/\"},{\"@type\":\"ListItem\",\"position\":2,\"name\":\"Agence Hajj &#038; Omra \u00e0 proximit\u00e9 de Bobigny\"}]},{\"@type\":\"WebSite\",\"@id\":\"https:\/\/www.haramainvoyages.com\/#website\",\"url\":\"https:\/\/www.haramainvoyages.com\/\",\"name\":\"Haramain Voyages\",\"description\":\"\",\"publisher\":{\"@id\":\"https:\/\/www.haramainvoyages.com\/#organization\"},\"potentialAction\":[{\"@type\":\"SearchAction\",\"target\":{\"@type\":\"EntryPoint\",\"urlTemplate\":\"https:\/\/www.haramainvoyages.com\/?s={search_term_string}\"},\"query-input\":{\"@type\":\"PropertyValueSpecification\",\"valueRequired\":true,\"valueName\":\"search_term_string\"}}],\"inLanguage\":\"es\"},{\"@type\":\"Organization\",\"@id\":\"https:\/\/www.haramainvoyages.com\/#organization\",\"name\":\"Haramain Voyages\",\"url\":\"https:\/\/www.haramainvoyages.com\/\",\"logo\":{\"@type\":\"ImageObject\",\"inLanguage\":\"es\",\"@id\":\"https:\/\/www.haramainvoyages.com\/#\/schema\/logo\/image\/\",\"url\":\"https:\/\/www.haramainvoyages.com\/wp-content\/uploads\/2019\/12\/lp-logo.jpg\",\"contentUrl\":\"https:\/\/www.haramainvoyages.com\/wp-content\/uploads\/2019\/12\/lp-logo.jpg\",\"width\":283,\"height\":174,\"caption\":\"Haramain Voyages\"},\"image\":{\"@id\":\"https:\/\/www.haramainvoyages.com\/#\/schema\/logo\/image\/\"}}]}<\/script>\n<!-- \/ Yoast SEO plugin. -->","yoast_head_json":{"title":"Agencia Omra Hajj cerca de Bobigny | Haramain Voyages","description":"Tanto si viaja solo como en familia, conf\u00ede la organizaci\u00f3n de su fabuloso viaje a su agencia omra hajj cerca de Bobigny.","robots":{"index":"index","follow":"follow","max-snippet":"max-snippet:-1","max-image-preview":"max-image-preview:large","max-video-preview":"max-video-preview:-1"},"canonical":"https:\/\/www.haramainvoyages.com\/es\/agencia-omra-hajj-cerca-de-bobigny\/","og_locale":"es_ES","og_type":"article","og_title":"Agence Hajj Omra \u00e0 proximit\u00e9 de Bobigny | Haramain Voyages","og_description":"Que vous soyez seul, ou en famille, confiez donc l'organisation de votre fabuleux voyage \u00e0 votre\u00a0agence hajj omra \u00e0 proximit\u00e9 de Bobigny.","og_url":"https:\/\/www.haramainvoyages.com\/es\/agencia-omra-hajj-cerca-de-bobigny\/","og_site_name":"Haramain Voyages","twitter_card":"summary_large_image","twitter_misc":{"Tiempo de lectura":"3 minutos"},"schema":{"@context":"https:\/\/schema.org","@graph":[{"@type":"WebPage","@id":"https:\/\/www.haramainvoyages.com\/agence-hajj-omra-a-proximite-de-bobigny\/","url":"https:\/\/www.haramainvoyages.com\/agence-hajj-omra-a-proximite-de-bobigny\/","name":"Agencia Omra Hajj cerca de Bobigny | Haramain Voyages","isPartOf":{"@id":"https:\/\/www.haramainvoyages.com\/#website"},"datePublished":"2021-11-19T15:31:14+00:00","description":"Tanto si viaja solo como en familia, conf\u00ede la organizaci\u00f3n de su fabuloso viaje a su agencia omra hajj cerca de Bobigny.","breadcrumb":{"@id":"https:\/\/www.haramainvoyages.com\/agence-hajj-omra-a-proximite-de-bobigny\/#breadcrumb"},"inLanguage":"es","potentialAction":[{"@type":"ReadAction","target":["https:\/\/www.haramainvoyages.com\/agence-hajj-omra-a-proximite-de-bobigny\/"]}]},{"@type":"BreadcrumbList","@id":"https:\/\/www.haramainvoyages.com\/agence-hajj-omra-a-proximite-de-bobigny\/#breadcrumb","itemListElement":[{"@type":"ListItem","position":1,"name":"Accueil","item":"https:\/\/www.haramainvoyages.com\/"},{"@type":"ListItem","position":2,"name":"Agence Hajj &#038; Omra \u00e0 proximit\u00e9 de Bobigny"}]},{"@type":"WebSite","@id":"https:\/\/www.haramainvoyages.com\/#website","url":"https:\/\/www.haramainvoyages.com\/","name":"Viajes Haramain","description":"","publisher":{"@id":"https:\/\/www.haramainvoyages.com\/#organization"},"potentialAction":[{"@type":"SearchAction","target":{"@type":"EntryPoint","urlTemplate":"https:\/\/www.haramainvoyages.com\/?s={search_term_string}"},"query-input":{"@type":"PropertyValueSpecification","valueRequired":true,"valueName":"search_term_string"}}],"inLanguage":"es"},{"@type":"Organization","@id":"https:\/\/www.haramainvoyages.com\/#organization","name":"Viajes Haramain","url":"https:\/\/www.haramainvoyages.com\/","logo":{"@type":"ImageObject","inLanguage":"es","@id":"https:\/\/www.haramainvoyages.com\/#\/schema\/logo\/image\/","url":"https:\/\/www.haramainvoyages.com\/wp-content\/uploads\/2019\/12\/lp-logo.jpg","contentUrl":"https:\/\/www.haramainvoyages.com\/wp-content\/uploads\/2019\/12\/lp-logo.jpg","width":283,"height":174,"caption":"Haramain Voyages"},"image":{"@id":"https:\/\/www.haramainvoyages.com\/#\/schema\/logo\/image\/"}}]}},"_links":{"self":[{"href":"https:\/\/www.haramainvoyages.com\/es\/wp-json\/wp\/v2\/pages\/8742","targetHints":{"allow":["GET"]}}],"collection":[{"href":"https:\/\/www.haramainvoyages.com\/es\/wp-json\/wp\/v2\/pages"}],"about":[{"href":"https:\/\/www.haramainvoyages.com\/es\/wp-json\/wp\/v2\/types\/page"}],"author":[{"embeddable":true,"href":"https:\/\/www.haramainvoyages.com\/es\/wp-json\/wp\/v2\/users\/1"}],"replies":[{"embeddable":true,"href":"https:\/\/www.haramainvoyages.com\/es\/wp-json\/wp\/v2\/comments?post=8742"}],"version-history":[{"count":1,"href":"https:\/\/www.haramainvoyages.com\/es\/wp-json\/wp\/v2\/pages\/8742\/revisions"}],"predecessor-version":[{"id":8743,"href":"https:\/\/www.haramainvoyages.com\/es\/wp-json\/wp\/v2\/pages\/8742\/revisions\/8743"}],"wp:attachment":[{"href":"https:\/\/www.haramainvoyages.com\/es\/wp-json\/wp\/v2\/media?parent=8742"}],"curies":[{"name":"wp","href":"https:\/\/api.w.org\/{rel}","templated":true}]}}