{"id":8842,"date":"2022-01-24T13:14:21","date_gmt":"2022-01-24T12:14:21","guid":{"rendered":"https:\/\/www.haramainvoyages.com\/?page_id=8842"},"modified":"2022-01-24T13:14:21","modified_gmt":"2022-01-24T12:14:21","slug":"agencia-hajj-omra-la-courneuve","status":"publish","type":"page","link":"https:\/\/www.haramainvoyages.com\/es\/agencia-hajj-omra-la-courneuve\/","title":{"rendered":"Agencia hajj Omra La Courneuve"},"content":{"rendered":"<p>Le gustar\u00eda<span>\u00a0<\/span><strong>el hajj<span>\u00a0<\/span><\/strong>o<span>\u00a0<\/span><strong>el omra<\/strong>y buscan un<strong><span>\u00a0<\/span>agencia fiable y de confianza<\/strong><span>\u00a0<\/span>? \u00bfVive cerca de<span>\u00a0<\/span><strong>La Courneuve<span>\u00a0<\/span><\/strong>? \u00a1No busque m\u00e1s! Descubra su<span>\u00a0<\/span><strong>Agencia hajj Omra La Courneuve<\/strong>para disfrutar al m\u00e1ximo de un viaje espiritual con total tranquilidad.<\/p>\n<h2><strong>Las ofertas de su Agencia hajj Omra La Courneuve<\/strong><\/h2>\n<p>Descubra todas las ofertas de su agencia. Elijas la que elijas, \u00a1la calidad, la profesionalidad y la asistencia est\u00e1n garantizadas!<\/p>\n<h2><strong>Nuestras ofertas HAJJ\u00a0<\/strong><\/h2>\n<p>El hajj, o el viaje de su vida...<\/p>\n<p>Ofrecemos dos paquetes de alta calidad:<\/p>\n<ul>\n<li><strong>Hajj Estancia Media Primero :<span>\u00a0<\/span><\/strong>22 d\u00edas +\/- 2 d\u00edas, la f\u00f3rmula ideal para aprovechar al m\u00e1ximo su culto y sus lugares sagrados. Una experiencia intensa...<\/li>\n<li><strong>Estancia corta en el Hayy :<span>\u00a0<\/span><\/strong>con una duraci\u00f3n de 15 d\u00edas +\/- 1 d\u00eda. Ideal para quienes desean cumplir con su obligaci\u00f3n a pesar de un calendario apretado. Un viaje espiritual inolvidable a pesar de las limitaciones.<\/li>\n<\/ul>\n<h2><strong>Nuestra OMRA ofrece<\/strong><\/h2>\n<p>Ofrecemos 4 paquetes omra, o peregrinaciones cortas, para adaptarnos mejor a sus necesidades durante este viaje excepcional:<\/p>\n<ul>\n<li>Descubre la<span>\u00a0<\/span><strong>Buen plan Umrah.<span>\u00a0<\/span><\/strong>Ideal para quienes tienen un presupuesto ajustado. Culto al menor coste posible. Una f\u00f3rmula de bajo coste con servicios garantizados (vuelos regulares, hoteles de categor\u00eda media cerca de las dos mezquitas, supervisi\u00f3n de calidad).<\/li>\n<li>Pero tambi\u00e9n<span>\u00a0<\/span><strong><a href=\"https:\/\/www.haramainvoyages.com\/es\/nuestro-omra-ramadan\/\">Ramad\u00e1n Umrah<\/a>.<span>\u00a0<\/span><\/strong>\u00a1Aprovecha al m\u00e1ximo el mes sagrado acumulando culto! El buen plan de los hassanats<\/li>\n<\/ul>\n<ul>\n<li>O<span>\u00a0<\/span><strong>Primero la Umrah.<span>\u00a0<\/span><\/strong>Ideal para familias. Un servicio de hotel superior y un programa variado (museos, palmerales, etc.) para hu\u00e9spedes exigentes.<\/li>\n<\/ul>\n<ul>\n<li>Y finalmente..,<span>\u00a0<\/span><strong>Omra a la carta.<span>\u00a0<\/span><\/strong>\u00a1Un paquete 100% a su medida! Fechas, hoteles, comidas: \u00a1puedes elegir todas las opciones!<\/li>\n<\/ul>\n<h3><strong>\u00bfPor qu\u00e9 elegir nuestra Agencia hajj Omra La Courneuve?<\/strong><\/h3>\n<p>Con 15 a\u00f1os de experiencia en el sector, hemos organizado miles de Hayy y 'Umrah.<\/p>\n<p>Elegir nuestra agencia significa optar por :<\/p>\n<ul>\n<li><strong>Servicios de calidad.<span>\u00a0<\/span><\/strong>En primer lugar, vuelos regulares y confirmados en aerol\u00edneas de renombre. En segundo lugar, hoteles cercanos a los lugares sagrados, limpios y con comida de calidad.<\/li>\n<li><strong>Supervisi\u00f3n seria.<span>\u00a0<\/span><\/strong>Un gu\u00eda por cada 45 peregrinos, as\u00ed como gu\u00edas formados y experimentados, todos los cuales hablan franc\u00e9s y \u00e1rabe.<\/li>\n<li><strong>Contratos tranquilizadores.<\/strong><span>\u00a0<\/span>Un contrato de venta conforme a la legislaci\u00f3n francesa y saud\u00ed, con condiciones expl\u00edcitas: sin sorpresas desagradables. Adem\u00e1s, un contrato moral, \u00e9tico y fraternal nos une a cada uno de nuestros hermanos que participan en nuestros viajes.<\/li>\n<li><strong>Una respuesta a todas sus preguntas.<span>\u00a0<\/span><\/strong>Adem\u00e1s de un servicio a su disposici\u00f3n de martes a s\u00e1bado, de 09:30 a 13:00 y de 14:30 a 18:00, organizamos una reuni\u00f3n informativa antes de cada salida.<\/li>\n<\/ul>","protected":false},"excerpt":{"rendered":"<p>Vous souhaitez accomplir\u00a0le hajj\u00a0ou\u00a0la omra, et recherchez une\u00a0agence fiable et de confiance\u00a0? Vous habitez aux alentours de\u00a0La Courneuve\u00a0? Ne cherchez plus ! D\u00e9couvrez votre\u00a0Agence hajj Omra La Courneuve, pour profiter pleinement d\u2019un voyage spirituel en toute qui\u00e9tude ! Les offres de votre Agence hajj Omra La Courneuve D\u00e9couvrez toutes les offres de votre agence. Peu [&hellip;]<\/p>","protected":false},"author":1,"featured_media":0,"parent":0,"menu_order":0,"comment_status":"closed","ping_status":"closed","template":"","meta":{"_monsterinsights_skip_tracking":false,"_monsterinsights_sitenote_active":false,"_monsterinsights_sitenote_note":"","_monsterinsights_sitenote_category":0,"footnotes":""},"class_list":["post-8842","page","type-page","status-publish","hentry"],"yoast_head":"<!-- This site is optimized with the Yoast SEO plugin v26.9 - https:\/\/yoast.com\/product\/yoast-seo-wordpress\/ -->\n<title>Agence hajj Omra La Courneuve | Agence exp\u00e9riment\u00e9e de qualit\u00e9<\/title>\n<meta name=\"description\" content=\"D\u00e9couvrez votre\u00a0Agence hajj Omra La Courneuve, pour profiter pleinement d\u2019un voyage spirituel en toute qui\u00e9tude !\" \/>\n<meta name=\"robots\" content=\"index, follow, max-snippet:-1, max-image-preview:large, max-video-preview:-1\" \/>\n<link rel=\"canonical\" href=\"https:\/\/www.haramainvoyages.com\/es\/agencia-hajj-omra-la-courneuve\/\" \/>\n<meta property=\"og:locale\" content=\"es_ES\" \/>\n<meta property=\"og:type\" content=\"article\" \/>\n<meta property=\"og:title\" content=\"Agence hajj Omra La Courneuve | Agence exp\u00e9riment\u00e9e de qualit\u00e9\" \/>\n<meta property=\"og:description\" content=\"D\u00e9couvrez votre\u00a0Agence hajj Omra La Courneuve, pour profiter pleinement d\u2019un voyage spirituel en toute qui\u00e9tude !\" \/>\n<meta property=\"og:url\" content=\"https:\/\/www.haramainvoyages.com\/es\/agencia-hajj-omra-la-courneuve\/\" \/>\n<meta property=\"og:site_name\" content=\"Haramain Voyages\" \/>\n<meta name=\"twitter:card\" content=\"summary_large_image\" \/>\n<meta name=\"twitter:label1\" content=\"Tiempo de lectura\" \/>\n\t<meta name=\"twitter:data1\" content=\"2 minutos\" \/>\n<script type=\"application\/ld+json\" class=\"yoast-schema-graph\">{\"@context\":\"https:\/\/schema.org\",\"@graph\":[{\"@type\":\"WebPage\",\"@id\":\"https:\/\/www.haramainvoyages.com\/agence-hajj-omra-la-courneuve\/\",\"url\":\"https:\/\/www.haramainvoyages.com\/agence-hajj-omra-la-courneuve\/\",\"name\":\"Agence hajj Omra La Courneuve | Agence exp\u00e9riment\u00e9e de qualit\u00e9\",\"isPartOf\":{\"@id\":\"https:\/\/www.haramainvoyages.com\/#website\"},\"datePublished\":\"2022-01-24T12:14:21+00:00\",\"description\":\"D\u00e9couvrez votre\u00a0Agence hajj Omra La Courneuve, pour profiter pleinement d\u2019un voyage spirituel en toute qui\u00e9tude !\",\"breadcrumb\":{\"@id\":\"https:\/\/www.haramainvoyages.com\/agence-hajj-omra-la-courneuve\/#breadcrumb\"},\"inLanguage\":\"es\",\"potentialAction\":[{\"@type\":\"ReadAction\",\"target\":[\"https:\/\/www.haramainvoyages.com\/agence-hajj-omra-la-courneuve\/\"]}]},{\"@type\":\"BreadcrumbList\",\"@id\":\"https:\/\/www.haramainvoyages.com\/agence-hajj-omra-la-courneuve\/#breadcrumb\",\"itemListElement\":[{\"@type\":\"ListItem\",\"position\":1,\"name\":\"Accueil\",\"item\":\"https:\/\/www.haramainvoyages.com\/\"},{\"@type\":\"ListItem\",\"position\":2,\"name\":\"Agence hajj Omra La Courneuve\"}]},{\"@type\":\"WebSite\",\"@id\":\"https:\/\/www.haramainvoyages.com\/#website\",\"url\":\"https:\/\/www.haramainvoyages.com\/\",\"name\":\"Haramain Voyages\",\"description\":\"\",\"publisher\":{\"@id\":\"https:\/\/www.haramainvoyages.com\/#organization\"},\"potentialAction\":[{\"@type\":\"SearchAction\",\"target\":{\"@type\":\"EntryPoint\",\"urlTemplate\":\"https:\/\/www.haramainvoyages.com\/?s={search_term_string}\"},\"query-input\":{\"@type\":\"PropertyValueSpecification\",\"valueRequired\":true,\"valueName\":\"search_term_string\"}}],\"inLanguage\":\"es\"},{\"@type\":\"Organization\",\"@id\":\"https:\/\/www.haramainvoyages.com\/#organization\",\"name\":\"Haramain Voyages\",\"url\":\"https:\/\/www.haramainvoyages.com\/\",\"logo\":{\"@type\":\"ImageObject\",\"inLanguage\":\"es\",\"@id\":\"https:\/\/www.haramainvoyages.com\/#\/schema\/logo\/image\/\",\"url\":\"https:\/\/www.haramainvoyages.com\/wp-content\/uploads\/2019\/12\/lp-logo.jpg\",\"contentUrl\":\"https:\/\/www.haramainvoyages.com\/wp-content\/uploads\/2019\/12\/lp-logo.jpg\",\"width\":283,\"height\":174,\"caption\":\"Haramain Voyages\"},\"image\":{\"@id\":\"https:\/\/www.haramainvoyages.com\/#\/schema\/logo\/image\/\"}}]}<\/script>\n<!-- \/ Yoast SEO plugin. -->","yoast_head_json":{"title":"Agencia hajj Omra La Courneuve | Agencia de calidad con experiencia","description":"Descubra su Agencia Omra La Courneuve, para disfrutar al m\u00e1ximo de un viaje espiritual con total tranquilidad.","robots":{"index":"index","follow":"follow","max-snippet":"max-snippet:-1","max-image-preview":"max-image-preview:large","max-video-preview":"max-video-preview:-1"},"canonical":"https:\/\/www.haramainvoyages.com\/es\/agencia-hajj-omra-la-courneuve\/","og_locale":"es_ES","og_type":"article","og_title":"Agence hajj Omra La Courneuve | Agence exp\u00e9riment\u00e9e de qualit\u00e9","og_description":"D\u00e9couvrez votre\u00a0Agence hajj Omra La Courneuve, pour profiter pleinement d\u2019un voyage spirituel en toute qui\u00e9tude !","og_url":"https:\/\/www.haramainvoyages.com\/es\/agencia-hajj-omra-la-courneuve\/","og_site_name":"Haramain Voyages","twitter_card":"summary_large_image","twitter_misc":{"Tiempo de lectura":"2 minutos"},"schema":{"@context":"https:\/\/schema.org","@graph":[{"@type":"WebPage","@id":"https:\/\/www.haramainvoyages.com\/agence-hajj-omra-la-courneuve\/","url":"https:\/\/www.haramainvoyages.com\/agence-hajj-omra-la-courneuve\/","name":"Agencia hajj Omra La Courneuve | Agencia de calidad con experiencia","isPartOf":{"@id":"https:\/\/www.haramainvoyages.com\/#website"},"datePublished":"2022-01-24T12:14:21+00:00","description":"Descubra su Agencia Omra La Courneuve, para disfrutar al m\u00e1ximo de un viaje espiritual con total tranquilidad.","breadcrumb":{"@id":"https:\/\/www.haramainvoyages.com\/agence-hajj-omra-la-courneuve\/#breadcrumb"},"inLanguage":"es","potentialAction":[{"@type":"ReadAction","target":["https:\/\/www.haramainvoyages.com\/agence-hajj-omra-la-courneuve\/"]}]},{"@type":"BreadcrumbList","@id":"https:\/\/www.haramainvoyages.com\/agence-hajj-omra-la-courneuve\/#breadcrumb","itemListElement":[{"@type":"ListItem","position":1,"name":"Accueil","item":"https:\/\/www.haramainvoyages.com\/"},{"@type":"ListItem","position":2,"name":"Agence hajj Omra La Courneuve"}]},{"@type":"WebSite","@id":"https:\/\/www.haramainvoyages.com\/#website","url":"https:\/\/www.haramainvoyages.com\/","name":"Viajes Haramain","description":"","publisher":{"@id":"https:\/\/www.haramainvoyages.com\/#organization"},"potentialAction":[{"@type":"SearchAction","target":{"@type":"EntryPoint","urlTemplate":"https:\/\/www.haramainvoyages.com\/?s={search_term_string}"},"query-input":{"@type":"PropertyValueSpecification","valueRequired":true,"valueName":"search_term_string"}}],"inLanguage":"es"},{"@type":"Organization","@id":"https:\/\/www.haramainvoyages.com\/#organization","name":"Viajes Haramain","url":"https:\/\/www.haramainvoyages.com\/","logo":{"@type":"ImageObject","inLanguage":"es","@id":"https:\/\/www.haramainvoyages.com\/#\/schema\/logo\/image\/","url":"https:\/\/www.haramainvoyages.com\/wp-content\/uploads\/2019\/12\/lp-logo.jpg","contentUrl":"https:\/\/www.haramainvoyages.com\/wp-content\/uploads\/2019\/12\/lp-logo.jpg","width":283,"height":174,"caption":"Haramain Voyages"},"image":{"@id":"https:\/\/www.haramainvoyages.com\/#\/schema\/logo\/image\/"}}]}},"_links":{"self":[{"href":"https:\/\/www.haramainvoyages.com\/es\/wp-json\/wp\/v2\/pages\/8842","targetHints":{"allow":["GET"]}}],"collection":[{"href":"https:\/\/www.haramainvoyages.com\/es\/wp-json\/wp\/v2\/pages"}],"about":[{"href":"https:\/\/www.haramainvoyages.com\/es\/wp-json\/wp\/v2\/types\/page"}],"author":[{"embeddable":true,"href":"https:\/\/www.haramainvoyages.com\/es\/wp-json\/wp\/v2\/users\/1"}],"replies":[{"embeddable":true,"href":"https:\/\/www.haramainvoyages.com\/es\/wp-json\/wp\/v2\/comments?post=8842"}],"version-history":[{"count":1,"href":"https:\/\/www.haramainvoyages.com\/es\/wp-json\/wp\/v2\/pages\/8842\/revisions"}],"predecessor-version":[{"id":8843,"href":"https:\/\/www.haramainvoyages.com\/es\/wp-json\/wp\/v2\/pages\/8842\/revisions\/8843"}],"wp:attachment":[{"href":"https:\/\/www.haramainvoyages.com\/es\/wp-json\/wp\/v2\/media?parent=8842"}],"curies":[{"name":"wp","href":"https:\/\/api.w.org\/{rel}","templated":true}]}}