{"id":4684,"date":"2017-01-13T08:48:09","date_gmt":"2017-01-13T08:48:09","guid":{"rendered":"http:\/\/demo.goodlayers.com\/traveltour\/?page_id=4684"},"modified":"2025-09-03T21:21:32","modified_gmt":"2025-09-03T19:21:32","slug":"casa","status":"publish","type":"page","link":"https:\/\/www.haramainvoyages.com\/it\/?page_id=8092","title":{"rendered":"Casa"},"content":{"rendered":"","protected":false},"excerpt":{"rendered":"","protected":false},"author":1,"featured_media":0,"parent":0,"menu_order":0,"comment_status":"closed","ping_status":"closed","template":"","meta":{"_monsterinsights_skip_tracking":false,"_monsterinsights_sitenote_active":false,"_monsterinsights_sitenote_note":"","_monsterinsights_sitenote_category":0,"footnotes":""},"class_list":["post-4684","page","type-page","status-publish","hentry"],"yoast_head":"<!-- This site is optimized with the Yoast SEO plugin v26.9 - https:\/\/yoast.com\/product\/yoast-seo-wordpress\/ -->\n<title>Agence Hajj &amp; Omra Saint Denis | Haramain Voyages | + de 15 ans<\/title>\n<meta name=\"description\" content=\"Haramain Voyages est une agence Hajj et Omra situ\u00e9 \u00e0 Saint Denis con\u00e7u dans le but de vous donnez la meilleure exp\u00e9rience pour votre voyage.\" \/>\n<meta name=\"robots\" content=\"index, follow, max-snippet:-1, max-image-preview:large, max-video-preview:-1\" \/>\n<link rel=\"canonical\" href=\"https:\/\/www.haramainvoyages.com\/it\/?page_id=8092\" \/>\n<meta property=\"og:locale\" content=\"it_IT\" \/>\n<meta property=\"og:type\" content=\"article\" \/>\n<meta property=\"og:title\" content=\"Agence Hajj &amp; Omra Saint Denis | Haramain Voyages | + de 15 ans\" \/>\n<meta property=\"og:description\" content=\"Haramain Voyages est une agence Hajj et Omra situ\u00e9 \u00e0 Saint Denis con\u00e7u dans le but de vous donnez la meilleure exp\u00e9rience pour votre voyage.\" \/>\n<meta property=\"og:url\" content=\"https:\/\/www.haramainvoyages.com\/it\/?page_id=8092\" \/>\n<meta property=\"og:site_name\" content=\"Haramain Voyages\" \/>\n<meta property=\"article:modified_time\" content=\"2025-09-03T19:21:32+00:00\" \/>\n<meta name=\"twitter:card\" content=\"summary_large_image\" \/>\n<meta name=\"twitter:label1\" content=\"Tempo di lettura stimato\" \/>\n\t<meta name=\"twitter:data1\" content=\"6 minuti\" \/>\n<script type=\"application\/ld+json\" class=\"yoast-schema-graph\">{\"@context\":\"https:\/\/schema.org\",\"@graph\":[{\"@type\":\"WebPage\",\"@id\":\"https:\/\/www.haramainvoyages.com\/\",\"url\":\"https:\/\/www.haramainvoyages.com\/\",\"name\":\"Agence Hajj & Omra Saint Denis | Haramain Voyages | + de 15 ans\",\"isPartOf\":{\"@id\":\"https:\/\/www.haramainvoyages.com\/#website\"},\"datePublished\":\"2017-01-13T08:48:09+00:00\",\"dateModified\":\"2025-09-03T19:21:32+00:00\",\"description\":\"Haramain Voyages est une agence Hajj et Omra situ\u00e9 \u00e0 Saint Denis con\u00e7u dans le but de vous donnez la meilleure exp\u00e9rience pour votre voyage.\",\"breadcrumb\":{\"@id\":\"https:\/\/www.haramainvoyages.com\/#breadcrumb\"},\"inLanguage\":\"it-IT\",\"potentialAction\":[{\"@type\":\"ReadAction\",\"target\":[\"https:\/\/www.haramainvoyages.com\/\"]}]},{\"@type\":\"BreadcrumbList\",\"@id\":\"https:\/\/www.haramainvoyages.com\/#breadcrumb\",\"itemListElement\":[{\"@type\":\"ListItem\",\"position\":1,\"name\":\"Accueil\",\"item\":\"https:\/\/www.haramainvoyages.com\/\"},{\"@type\":\"ListItem\",\"position\":2,\"name\":\"Accueil\"}]},{\"@type\":\"WebSite\",\"@id\":\"https:\/\/www.haramainvoyages.com\/#website\",\"url\":\"https:\/\/www.haramainvoyages.com\/\",\"name\":\"Haramain Voyages\",\"description\":\"\",\"publisher\":{\"@id\":\"https:\/\/www.haramainvoyages.com\/#organization\"},\"potentialAction\":[{\"@type\":\"SearchAction\",\"target\":{\"@type\":\"EntryPoint\",\"urlTemplate\":\"https:\/\/www.haramainvoyages.com\/?s={search_term_string}\"},\"query-input\":{\"@type\":\"PropertyValueSpecification\",\"valueRequired\":true,\"valueName\":\"search_term_string\"}}],\"inLanguage\":\"it-IT\"},{\"@type\":\"Organization\",\"@id\":\"https:\/\/www.haramainvoyages.com\/#organization\",\"name\":\"Haramain Voyages\",\"url\":\"https:\/\/www.haramainvoyages.com\/\",\"logo\":{\"@type\":\"ImageObject\",\"inLanguage\":\"it-IT\",\"@id\":\"https:\/\/www.haramainvoyages.com\/#\/schema\/logo\/image\/\",\"url\":\"https:\/\/www.haramainvoyages.com\/wp-content\/uploads\/2019\/12\/lp-logo.jpg\",\"contentUrl\":\"https:\/\/www.haramainvoyages.com\/wp-content\/uploads\/2019\/12\/lp-logo.jpg\",\"width\":283,\"height\":174,\"caption\":\"Haramain Voyages\"},\"image\":{\"@id\":\"https:\/\/www.haramainvoyages.com\/#\/schema\/logo\/image\/\"}}]}<\/script>\n<!-- \/ Yoast SEO plugin. -->","yoast_head_json":{"title":"Agence Hajj & Omra Saint Denis | Haramain Voyages | + de 15 ans","description":"Haramain Voyages \u00e8 un'agenzia per il Hajj e l'Umra situata a Saint Denis, progettata per offrirvi la migliore esperienza di viaggio.","robots":{"index":"index","follow":"follow","max-snippet":"max-snippet:-1","max-image-preview":"max-image-preview:large","max-video-preview":"max-video-preview:-1"},"canonical":"https:\/\/www.haramainvoyages.com\/it\/?page_id=8092","og_locale":"it_IT","og_type":"article","og_title":"Agence Hajj & Omra Saint Denis | Haramain Voyages | + de 15 ans","og_description":"Haramain Voyages est une agence Hajj et Omra situ\u00e9 \u00e0 Saint Denis con\u00e7u dans le but de vous donnez la meilleure exp\u00e9rience pour votre voyage.","og_url":"https:\/\/www.haramainvoyages.com\/it\/?page_id=8092","og_site_name":"Haramain Voyages","article_modified_time":"2025-09-03T19:21:32+00:00","twitter_card":"summary_large_image","twitter_misc":{"Tempo di lettura stimato":"6 minuti"},"schema":{"@context":"https:\/\/schema.org","@graph":[{"@type":"WebPage","@id":"https:\/\/www.haramainvoyages.com\/","url":"https:\/\/www.haramainvoyages.com\/","name":"Agence Hajj & Omra Saint Denis | Haramain Voyages | + de 15 ans","isPartOf":{"@id":"https:\/\/www.haramainvoyages.com\/#website"},"datePublished":"2017-01-13T08:48:09+00:00","dateModified":"2025-09-03T19:21:32+00:00","description":"Haramain Voyages \u00e8 un'agenzia per il Hajj e l'Umra situata a Saint Denis, progettata per offrirvi la migliore esperienza di viaggio.","breadcrumb":{"@id":"https:\/\/www.haramainvoyages.com\/#breadcrumb"},"inLanguage":"it-IT","potentialAction":[{"@type":"ReadAction","target":["https:\/\/www.haramainvoyages.com\/"]}]},{"@type":"BreadcrumbList","@id":"https:\/\/www.haramainvoyages.com\/#breadcrumb","itemListElement":[{"@type":"ListItem","position":1,"name":"Accueil","item":"https:\/\/www.haramainvoyages.com\/"},{"@type":"ListItem","position":2,"name":"Accueil"}]},{"@type":"WebSite","@id":"https:\/\/www.haramainvoyages.com\/#website","url":"https:\/\/www.haramainvoyages.com\/","name":"Viaggi Haramain","description":"","publisher":{"@id":"https:\/\/www.haramainvoyages.com\/#organization"},"potentialAction":[{"@type":"SearchAction","target":{"@type":"EntryPoint","urlTemplate":"https:\/\/www.haramainvoyages.com\/?s={search_term_string}"},"query-input":{"@type":"PropertyValueSpecification","valueRequired":true,"valueName":"search_term_string"}}],"inLanguage":"it-IT"},{"@type":"Organization","@id":"https:\/\/www.haramainvoyages.com\/#organization","name":"Viaggi Haramain","url":"https:\/\/www.haramainvoyages.com\/","logo":{"@type":"ImageObject","inLanguage":"it-IT","@id":"https:\/\/www.haramainvoyages.com\/#\/schema\/logo\/image\/","url":"https:\/\/www.haramainvoyages.com\/wp-content\/uploads\/2019\/12\/lp-logo.jpg","contentUrl":"https:\/\/www.haramainvoyages.com\/wp-content\/uploads\/2019\/12\/lp-logo.jpg","width":283,"height":174,"caption":"Haramain Voyages"},"image":{"@id":"https:\/\/www.haramainvoyages.com\/#\/schema\/logo\/image\/"}}]}},"_links":{"self":[{"href":"https:\/\/www.haramainvoyages.com\/it\/wp-json\/wp\/v2\/pages\/4684","targetHints":{"allow":["GET"]}}],"collection":[{"href":"https:\/\/www.haramainvoyages.com\/it\/wp-json\/wp\/v2\/pages"}],"about":[{"href":"https:\/\/www.haramainvoyages.com\/it\/wp-json\/wp\/v2\/types\/page"}],"author":[{"embeddable":true,"href":"https:\/\/www.haramainvoyages.com\/it\/wp-json\/wp\/v2\/users\/1"}],"replies":[{"embeddable":true,"href":"https:\/\/www.haramainvoyages.com\/it\/wp-json\/wp\/v2\/comments?post=4684"}],"version-history":[{"count":5,"href":"https:\/\/www.haramainvoyages.com\/it\/wp-json\/wp\/v2\/pages\/4684\/revisions"}],"predecessor-version":[{"id":13931,"href":"https:\/\/www.haramainvoyages.com\/it\/wp-json\/wp\/v2\/pages\/4684\/revisions\/13931"}],"wp:attachment":[{"href":"https:\/\/www.haramainvoyages.com\/it\/wp-json\/wp\/v2\/media?parent=4684"}],"curies":[{"name":"wp","href":"https:\/\/api.w.org\/{rel}","templated":true}]}}