{"id":8586,"date":"2021-11-02T14:22:11","date_gmt":"2021-11-02T13:22:11","guid":{"rendered":"https:\/\/www.haramainvoyages.com\/?page_id=8586"},"modified":"2021-11-02T14:22:11","modified_gmt":"2021-11-02T13:22:11","slug":"agenzia-hajj-e-omra-vicino-a-daubervilliers","status":"publish","type":"page","link":"https:\/\/www.haramainvoyages.com\/it\/agenzia-hajj-e-omra-vicino-a-daubervilliers\/","title":{"rendered":"Agenzia Hajj e Omra vicino a Aubervilliers"},"content":{"rendered":"<p>Ci siete quasi. Avete finalmente il tempo e i mezzi per pianificare e raggiungere il vostro obiettivo.\u00a0<strong>5\u00b0 pilastro dell'Islam<\/strong>... In particolare il\u00a0<strong>grande pellegrinaggio<\/strong>. Il nostro\u00a0<strong>Agenzia Hajj vicino a Aubervilliers\u00a0<\/strong>\u00e8 un\u00a0<strong>Agenzia di viaggio musulmana\u00a0<\/strong>specializzato in\u00a0<strong>Preparazione per l'hajj e l'umrah<\/strong>.<\/p>\n<p>Non preoccupatevi di nulla se non di prepararvi a intraprendere quello che sar\u00e0 senza dubbio il viaggio pi\u00f9 bello della vostra vita.<\/p>\n<h2><strong>Agence Hajj Aubervilliers: una porta per un viaggio simbolico\u00a0<\/strong><\/h2>\n<p>Il nostro\u00a0<strong>Agenzia di viaggi islamica<\/strong>\u00a0\u00e8 ben consapevole di avere un ruolo essenziale da svolgere nel vostro\u00a0<strong>viaggio spirituale\u00a0<\/strong>che il pellegrinaggio rappresenta. Questa scelta cruciale determiner\u00e0 l'organizzazione del vostro soggiorno! Ecco perch\u00e9 il nostro team di professionisti si impegna a fornirvi il miglior servizio possibile, nelle migliori condizioni possibili.<\/p>\n<p>Ricordiamo che questo viaggio \u00e8 obbligatorio per chiunque sia in grado di farlo:<\/p>\n<p><strong>Allah dice nel Corano: \"\u00c8 un dovere verso Allah, per coloro che possono permetterselo, andare a compiere l'Hajj da casa\". Sura 3, versetto 97<\/strong><\/p>\n<h3><strong>I pacchetti di pellegrinaggio offerti dalla nostra agenzia Hajj vicino a Aubervilliers\u00a0<\/strong><\/h3>\n<p>Scoprite il nostro\u00a0<strong>soggiorni di breve durata<\/strong>per 15-16 notti. Ma anche il nostro\u00a0<strong>soggiorni medi<\/strong>per 21-22 notti.<\/p>\n<p>Siamo consapevoli che si tratta del viaggio di una vita. Ecco perch\u00e9 la nostra agenzia Hajj Aubervilliers fa tutto il possibile per rendere il processo il pi\u00f9 semplice possibile.<\/p>\n<p>Le nostre vacanze sono al completo e includono visite a una serie di luoghi iconici. Come il\u00a0<strong><a href=\"https:\/\/www.haramainvoyages.com\/it\/monte-ouhoud\/\">Monte Ouhoud<\/a>\u00a0<\/strong>o il\u00a0<strong>Moschea di Quba<\/strong>. Ma anche un supporto religioso, con spiegazioni e corsi sui riti, i meriti di Medina e molto altro...<\/p>\n<p>Naturalmente \u00e8 possibile visitare i siti in cui si svolgono i riti dell'hajj, come ad esempio\u00a0<strong>Arafat<\/strong>,\u00a0<strong>Mouzdalifah<\/strong>\u00a0o a\u00a0<strong>Mina<\/strong>.<\/p>\n<h2><strong>Le nostre offerte per l'Umrah\u00a0<\/strong><\/h2>\n<p>Conosciuto anche come\u00a0<strong>piccolo hajj\u00a0<\/strong>\"A differenza del Grande Pellegrinaggio, l'Umrah pu\u00f2 essere eseguito in qualsiasi mese dell'anno.<\/p>\n<p>Abbiamo una serie di pacchetti tra cui scegliere:<\/p>\n<ul>\n<li><strong>Umrah standard, minimo 11 notti, ma anche Umrah economici\u00a0<\/strong><\/li>\n<\/ul>\n<p>Questo pu\u00f2 essere fatto durante i mesi offerti dal nostro\u00a0<strong>Agenzia Hajj e Omra situata alla periferia di Parigi.\u00a0<\/strong><\/p>\n<ul>\n<li><strong>La formula \u00e0 la carte<\/strong><\/li>\n<\/ul>\n<p>Sul nostro sito \u00e8 disponibile un modulo da compilare per indicare tutte le vostre esigenze. Il nostro team far\u00e0 il possibile per soddisfare le vostre richieste, consigliandovi se necessario.<\/p>\n<p>Questo tipo di pacchetto vi permette di decidere il vostro viaggio dalla A alla Z. In particolare, potete scegliere gli hotel, il numero di giorni che desiderate trascorrere in loco e tutti i dettagli speciali che desiderate conoscere.<\/p>\n<p><strong>- Ramadan Umrah<\/strong><\/p>\n<p>Senza dubbio una delle spedizioni pi\u00f9 emozionanti della vostra vita, vale a dire un<strong>\u00a0<a href=\"https:\/\/www.haramainvoyages.com\/it\/il-nostro-ramadan-omra\/\">Umrah durante il mese di Ramadan<\/a>.\u00a0<\/strong><\/p>\n<p>Potrete quindi scegliere tra l'intero mese o una fuga a<strong>\u00a0gli ultimi 15 giorni<\/strong>.<\/p>\n<p>I nostri pacchetti \"<strong>\u00a0Prima l'Umrah\u00a0<\/strong>\"Questi sono gli hotel che soddisfano le vostre esigenze, offrendo un certo livello di comfort in un hotel a 5 stelle sempre vicino all'HARAMAIN...<\/p>\n<h2><strong>Agenzia Hajj vicino a Aubervilliers: un team al vostro servizio\u00a0<\/strong><\/h2>\n<p>Bussando alla nostra porta, non si tratta solo di una semplice\u00a0<strong>servizio viaggi<\/strong>\u00a0Non si tratta di ci\u00f2 che vi aspetta, ma di supporto e consulenza. Ci assicureremo di capire le vostre aspettative e le vostre esigenze, in modo da potervi offrire un servizio su misura!<\/p>\n<p>Il grande pellegrinaggio, cos\u00ec come il \"piccolo pellegrinaggio\", \u00e8 un'impresa tanto grandiosa quanto impegnativa. \u00c8 quindi fondamentale prepararsi alla partenza nel miglior modo possibile. E il nostro team di Hajj Aubervilliers \u00e8 appositamente formato per farlo!<\/p>","protected":false},"excerpt":{"rendered":"<p>\u00c7a y est, vous y \u00eates presque. Vous avez enfin le temps et les moyens de vous projeter pour accomplir le\u00a05\u00e8me pilier de l\u2019islam\u2026 \u00c0 savoir le\u00a0grand p\u00e8lerinage. Notre\u00a0agence Hajj proche d\u2019Aubervilliers\u00a0est une\u00a0agence de voyage musulmane\u00a0sp\u00e9cialis\u00e9e dans la\u00a0pr\u00e9paration du hajj et de la Omra. Ne vous occupez plus de rien, si ce n\u2019est que de [&hellip;]<\/p>","protected":false},"author":1,"featured_media":0,"parent":0,"menu_order":0,"comment_status":"closed","ping_status":"closed","template":"","meta":{"_monsterinsights_skip_tracking":false,"_monsterinsights_sitenote_active":false,"_monsterinsights_sitenote_note":"","_monsterinsights_sitenote_category":0,"footnotes":""},"class_list":["post-8586","page","type-page","status-publish","hentry"],"yoast_head":"<!-- This site is optimized with the Yoast SEO plugin v26.9 - https:\/\/yoast.com\/product\/yoast-seo-wordpress\/ -->\n<title>Agence Hajj et Omra proche d&#039;Aubervilliers | \u00c9quipe exp\u00e9riment\u00e9e<\/title>\n<meta name=\"description\" content=\"Notre\u00a0agence Hajj proche d\u2019Aubervilliers\u00a0est une\u00a0agence de voyage musulmane\u00a0sp\u00e9cialis\u00e9e dans la\u00a0pr\u00e9paration du hajj et de la Omra.\u00a0\" \/>\n<meta name=\"robots\" content=\"index, follow, max-snippet:-1, max-image-preview:large, max-video-preview:-1\" \/>\n<link rel=\"canonical\" href=\"https:\/\/www.haramainvoyages.com\/it\/agenzia-hajj-e-omra-vicino-a-daubervilliers\/\" \/>\n<meta property=\"og:locale\" content=\"it_IT\" \/>\n<meta property=\"og:type\" content=\"article\" \/>\n<meta property=\"og:title\" content=\"Agence Hajj et Omra proche d&#039;Aubervilliers | \u00c9quipe exp\u00e9riment\u00e9e\" \/>\n<meta property=\"og:description\" content=\"Notre\u00a0agence Hajj proche d\u2019Aubervilliers\u00a0est une\u00a0agence de voyage musulmane\u00a0sp\u00e9cialis\u00e9e dans la\u00a0pr\u00e9paration du hajj et de la Omra.\u00a0\" \/>\n<meta property=\"og:url\" content=\"https:\/\/www.haramainvoyages.com\/it\/agenzia-hajj-e-omra-vicino-a-daubervilliers\/\" \/>\n<meta property=\"og:site_name\" content=\"Haramain Voyages\" \/>\n<meta name=\"twitter:card\" content=\"summary_large_image\" \/>\n<meta name=\"twitter:label1\" content=\"Tempo di lettura stimato\" \/>\n\t<meta name=\"twitter:data1\" content=\"3 minuti\" \/>\n<script type=\"application\/ld+json\" class=\"yoast-schema-graph\">{\"@context\":\"https:\/\/schema.org\",\"@graph\":[{\"@type\":\"WebPage\",\"@id\":\"https:\/\/www.haramainvoyages.com\/agence-hajj-et-omra-proche-daubervilliers\/\",\"url\":\"https:\/\/www.haramainvoyages.com\/agence-hajj-et-omra-proche-daubervilliers\/\",\"name\":\"Agence Hajj et Omra proche d'Aubervilliers | \u00c9quipe exp\u00e9riment\u00e9e\",\"isPartOf\":{\"@id\":\"https:\/\/www.haramainvoyages.com\/#website\"},\"datePublished\":\"2021-11-02T13:22:11+00:00\",\"description\":\"Notre\u00a0agence Hajj proche d\u2019Aubervilliers\u00a0est une\u00a0agence de voyage musulmane\u00a0sp\u00e9cialis\u00e9e dans la\u00a0pr\u00e9paration du hajj et de la Omra.\u00a0\",\"breadcrumb\":{\"@id\":\"https:\/\/www.haramainvoyages.com\/agence-hajj-et-omra-proche-daubervilliers\/#breadcrumb\"},\"inLanguage\":\"it-IT\",\"potentialAction\":[{\"@type\":\"ReadAction\",\"target\":[\"https:\/\/www.haramainvoyages.com\/agence-hajj-et-omra-proche-daubervilliers\/\"]}]},{\"@type\":\"BreadcrumbList\",\"@id\":\"https:\/\/www.haramainvoyages.com\/agence-hajj-et-omra-proche-daubervilliers\/#breadcrumb\",\"itemListElement\":[{\"@type\":\"ListItem\",\"position\":1,\"name\":\"Accueil\",\"item\":\"https:\/\/www.haramainvoyages.com\/\"},{\"@type\":\"ListItem\",\"position\":2,\"name\":\"Agence Hajj et Omra proche d&rsquo;Aubervilliers\"}]},{\"@type\":\"WebSite\",\"@id\":\"https:\/\/www.haramainvoyages.com\/#website\",\"url\":\"https:\/\/www.haramainvoyages.com\/\",\"name\":\"Haramain Voyages\",\"description\":\"\",\"publisher\":{\"@id\":\"https:\/\/www.haramainvoyages.com\/#organization\"},\"potentialAction\":[{\"@type\":\"SearchAction\",\"target\":{\"@type\":\"EntryPoint\",\"urlTemplate\":\"https:\/\/www.haramainvoyages.com\/?s={search_term_string}\"},\"query-input\":{\"@type\":\"PropertyValueSpecification\",\"valueRequired\":true,\"valueName\":\"search_term_string\"}}],\"inLanguage\":\"it-IT\"},{\"@type\":\"Organization\",\"@id\":\"https:\/\/www.haramainvoyages.com\/#organization\",\"name\":\"Haramain Voyages\",\"url\":\"https:\/\/www.haramainvoyages.com\/\",\"logo\":{\"@type\":\"ImageObject\",\"inLanguage\":\"it-IT\",\"@id\":\"https:\/\/www.haramainvoyages.com\/#\/schema\/logo\/image\/\",\"url\":\"https:\/\/www.haramainvoyages.com\/wp-content\/uploads\/2019\/12\/lp-logo.jpg\",\"contentUrl\":\"https:\/\/www.haramainvoyages.com\/wp-content\/uploads\/2019\/12\/lp-logo.jpg\",\"width\":283,\"height\":174,\"caption\":\"Haramain Voyages\"},\"image\":{\"@id\":\"https:\/\/www.haramainvoyages.com\/#\/schema\/logo\/image\/\"}}]}<\/script>\n<!-- \/ Yoast SEO plugin. -->","yoast_head_json":{"title":"Agenzia Hajj e Umra vicino a Aubervilliers | Team esperto","description":"La nostra agenzia Hajj vicino a Aubervilliers \u00e8 un'agenzia di viaggi musulmana specializzata nella preparazione dell'Hajj e dell'Umrah.\u00a0","robots":{"index":"index","follow":"follow","max-snippet":"max-snippet:-1","max-image-preview":"max-image-preview:large","max-video-preview":"max-video-preview:-1"},"canonical":"https:\/\/www.haramainvoyages.com\/it\/agenzia-hajj-e-omra-vicino-a-daubervilliers\/","og_locale":"it_IT","og_type":"article","og_title":"Agence Hajj et Omra proche d'Aubervilliers | \u00c9quipe exp\u00e9riment\u00e9e","og_description":"Notre\u00a0agence Hajj proche d\u2019Aubervilliers\u00a0est une\u00a0agence de voyage musulmane\u00a0sp\u00e9cialis\u00e9e dans la\u00a0pr\u00e9paration du hajj et de la Omra.\u00a0","og_url":"https:\/\/www.haramainvoyages.com\/it\/agenzia-hajj-e-omra-vicino-a-daubervilliers\/","og_site_name":"Haramain Voyages","twitter_card":"summary_large_image","twitter_misc":{"Tempo di lettura stimato":"3 minuti"},"schema":{"@context":"https:\/\/schema.org","@graph":[{"@type":"WebPage","@id":"https:\/\/www.haramainvoyages.com\/agence-hajj-et-omra-proche-daubervilliers\/","url":"https:\/\/www.haramainvoyages.com\/agence-hajj-et-omra-proche-daubervilliers\/","name":"Agenzia Hajj e Umra vicino a Aubervilliers | Team esperto","isPartOf":{"@id":"https:\/\/www.haramainvoyages.com\/#website"},"datePublished":"2021-11-02T13:22:11+00:00","description":"La nostra agenzia Hajj vicino a Aubervilliers \u00e8 un'agenzia di viaggi musulmana specializzata nella preparazione dell'Hajj e dell'Umrah.\u00a0","breadcrumb":{"@id":"https:\/\/www.haramainvoyages.com\/agence-hajj-et-omra-proche-daubervilliers\/#breadcrumb"},"inLanguage":"it-IT","potentialAction":[{"@type":"ReadAction","target":["https:\/\/www.haramainvoyages.com\/agence-hajj-et-omra-proche-daubervilliers\/"]}]},{"@type":"BreadcrumbList","@id":"https:\/\/www.haramainvoyages.com\/agence-hajj-et-omra-proche-daubervilliers\/#breadcrumb","itemListElement":[{"@type":"ListItem","position":1,"name":"Accueil","item":"https:\/\/www.haramainvoyages.com\/"},{"@type":"ListItem","position":2,"name":"Agence Hajj et Omra proche d&rsquo;Aubervilliers"}]},{"@type":"WebSite","@id":"https:\/\/www.haramainvoyages.com\/#website","url":"https:\/\/www.haramainvoyages.com\/","name":"Viaggi Haramain","description":"","publisher":{"@id":"https:\/\/www.haramainvoyages.com\/#organization"},"potentialAction":[{"@type":"SearchAction","target":{"@type":"EntryPoint","urlTemplate":"https:\/\/www.haramainvoyages.com\/?s={search_term_string}"},"query-input":{"@type":"PropertyValueSpecification","valueRequired":true,"valueName":"search_term_string"}}],"inLanguage":"it-IT"},{"@type":"Organization","@id":"https:\/\/www.haramainvoyages.com\/#organization","name":"Viaggi Haramain","url":"https:\/\/www.haramainvoyages.com\/","logo":{"@type":"ImageObject","inLanguage":"it-IT","@id":"https:\/\/www.haramainvoyages.com\/#\/schema\/logo\/image\/","url":"https:\/\/www.haramainvoyages.com\/wp-content\/uploads\/2019\/12\/lp-logo.jpg","contentUrl":"https:\/\/www.haramainvoyages.com\/wp-content\/uploads\/2019\/12\/lp-logo.jpg","width":283,"height":174,"caption":"Haramain Voyages"},"image":{"@id":"https:\/\/www.haramainvoyages.com\/#\/schema\/logo\/image\/"}}]}},"_links":{"self":[{"href":"https:\/\/www.haramainvoyages.com\/it\/wp-json\/wp\/v2\/pages\/8586","targetHints":{"allow":["GET"]}}],"collection":[{"href":"https:\/\/www.haramainvoyages.com\/it\/wp-json\/wp\/v2\/pages"}],"about":[{"href":"https:\/\/www.haramainvoyages.com\/it\/wp-json\/wp\/v2\/types\/page"}],"author":[{"embeddable":true,"href":"https:\/\/www.haramainvoyages.com\/it\/wp-json\/wp\/v2\/users\/1"}],"replies":[{"embeddable":true,"href":"https:\/\/www.haramainvoyages.com\/it\/wp-json\/wp\/v2\/comments?post=8586"}],"version-history":[{"count":1,"href":"https:\/\/www.haramainvoyages.com\/it\/wp-json\/wp\/v2\/pages\/8586\/revisions"}],"predecessor-version":[{"id":8587,"href":"https:\/\/www.haramainvoyages.com\/it\/wp-json\/wp\/v2\/pages\/8586\/revisions\/8587"}],"wp:attachment":[{"href":"https:\/\/www.haramainvoyages.com\/it\/wp-json\/wp\/v2\/media?parent=8586"}],"curies":[{"name":"wp","href":"https:\/\/api.w.org\/{rel}","templated":true}]}}