{"id":8842,"date":"2022-01-24T13:14:21","date_gmt":"2022-01-24T12:14:21","guid":{"rendered":"https:\/\/www.haramainvoyages.com\/?page_id=8842"},"modified":"2022-01-24T13:14:21","modified_gmt":"2022-01-24T12:14:21","slug":"agenzia-hajj-omra-la-courneuve","status":"publish","type":"page","link":"https:\/\/www.haramainvoyages.com\/it\/agenzia-hajj-omra-la-courneuve\/","title":{"rendered":"Agenzia hajj Omra La Courneuve"},"content":{"rendered":"<p>Vorresti<span>\u00a0<\/span><strong>l'hajj<span>\u00a0<\/span><\/strong>o<span>\u00a0<\/span><strong>l'omra<\/strong>e sono alla ricerca di un<strong><span>\u00a0<\/span>agenzia affidabile e di fiducia<\/strong><span>\u00a0<\/span>? Abita vicino a<span>\u00a0<\/span><strong>La Courneuve<span>\u00a0<\/span><\/strong>? Non cercate oltre! Scoprite il vostro<span>\u00a0<\/span><strong>Agenzia hajj Omra La Courneuve<\/strong>per vivere al meglio un viaggio spirituale in totale tranquillit\u00e0!<\/p>\n<h2><strong>Le offerte della vostra Agenzia hajj Omra La Courneuve<\/strong><\/h2>\n<p>Scoprite tutte le offerte della vostra agenzia. Qualunque sia la vostra scelta, qualit\u00e0, professionalit\u00e0 e assistenza sono garantite!<\/p>\n<h2><strong>Le nostre offerte HAJJ\u00a0<\/strong><\/h2>\n<p>L'hajj, ovvero il viaggio di una vita...<\/p>\n<p>Offriamo due pacchetti di alta qualit\u00e0:<\/p>\n<ul>\n<li><strong>Soggiorno medio Hajj prima:<span>\u00a0<\/span><\/strong>22 giorni +\/- 2 giorni, il modo ideale per sfruttare al meglio il culto e i luoghi sacri. Un'esperienza intensa...<\/li>\n<li><strong>Soggiorno breve Hajj :<span>\u00a0<\/span><\/strong>della durata di 15 giorni +\/- 1 giorno. Ideale per chi vuole adempiere ai propri obblighi nonostante i tempi stretti. Un viaggio spirituale indimenticabile nonostante i vincoli.<\/li>\n<\/ul>\n<h2><strong>Il nostro OMRA offre<\/strong><\/h2>\n<p>Offriamo 4 pacchetti omra, o brevi pellegrinaggi, per soddisfare al meglio le vostre esigenze durante questo viaggio eccezionale:<\/p>\n<ul>\n<li>Scoprire il<span>\u00a0<\/span><strong>Buon piano Umrah.<span>\u00a0<\/span><\/strong>Ideale per chi ha un budget limitato! Il culto al costo pi\u00f9 basso possibile. Una formula low-cost con servizi garantiti (voli regolari, hotel di medio livello vicino alle due moschee, supervisione di qualit\u00e0).<\/li>\n<li>Ma anche<span>\u00a0<\/span><strong><a href=\"https:\/\/www.haramainvoyages.com\/it\/il-nostro-ramadan-omra\/\">Ramadan Umrah<\/a>.<span>\u00a0<\/span><\/strong>Sfruttate al meglio il mese santo accumulando il culto! Il buon piano hassanats!<\/li>\n<\/ul>\n<ul>\n<li>Oppure<span>\u00a0<\/span><strong>Prima l'Umrah.<span>\u00a0<\/span><\/strong>Ideale per le famiglie! Un servizio alberghiero di qualit\u00e0 superiore e un programma vario (musei, palmeti, ecc.) per gli ospiti pi\u00f9 esigenti!<\/li>\n<\/ul>\n<ul>\n<li>E infine..,<span>\u00a0<\/span><strong>Omra \u00e0 la carte.<span>\u00a0<\/span><\/strong>Un pacchetto 100% su misura! Date, hotel, pasti: potete scegliere tutte le opzioni!<\/li>\n<\/ul>\n<h3><strong>Perch\u00e9 scegliere la nostra Agenzia hajj Omra La Courneuve?<\/strong><\/h3>\n<p>Con 15 anni di esperienza nel settore, abbiamo organizzato migliaia di Hajj e 'Umrah.<\/p>\n<p>Scegliere la nostra agenzia significa optare per :<\/p>\n<ul>\n<li><strong>Servizi di qualit\u00e0.<span>\u00a0<\/span><\/strong>In primo luogo, voli regolari e confermati con compagnie aeree affidabili. In secondo luogo, alberghi vicini ai luoghi sacri, puliti e con cibo di qualit\u00e0.<\/li>\n<li><strong>Supervisione seria.<span>\u00a0<\/span><\/strong>Una guida ogni 45 pellegrini, oltre a guide esperte e preparate, che parlano tutte francese e arabo.<\/li>\n<li><strong>Contratti rassicuranti.<\/strong><span>\u00a0<\/span>Un contratto di vendita conforme alla legislazione francese e saudita, con termini e condizioni espliciti: nessuna brutta sorpresa. Inoltre, un contratto morale, etico e fraterno ci lega a ciascuno dei fratelli che partecipano ai nostri viaggi.<\/li>\n<li><strong>Una risposta a tutte le vostre domande.<span>\u00a0<\/span><\/strong>Oltre a un servizio a vostra disposizione dal marted\u00ec al sabato, dalle 09:30 alle 13:00 e dalle 14:30 alle 18:00, organizziamo un incontro informativo prima di ogni partenza.<\/li>\n<\/ul>","protected":false},"excerpt":{"rendered":"<p>Vous souhaitez accomplir\u00a0le hajj\u00a0ou\u00a0la omra, et recherchez une\u00a0agence fiable et de confiance\u00a0? Vous habitez aux alentours de\u00a0La Courneuve\u00a0? Ne cherchez plus ! D\u00e9couvrez votre\u00a0Agence hajj Omra La Courneuve, pour profiter pleinement d\u2019un voyage spirituel en toute qui\u00e9tude ! Les offres de votre Agence hajj Omra La Courneuve D\u00e9couvrez toutes les offres de votre agence. Peu [&hellip;]<\/p>","protected":false},"author":1,"featured_media":0,"parent":0,"menu_order":0,"comment_status":"closed","ping_status":"closed","template":"","meta":{"_monsterinsights_skip_tracking":false,"_monsterinsights_sitenote_active":false,"_monsterinsights_sitenote_note":"","_monsterinsights_sitenote_category":0,"footnotes":""},"class_list":["post-8842","page","type-page","status-publish","hentry"],"yoast_head":"<!-- This site is optimized with the Yoast SEO plugin v26.9 - https:\/\/yoast.com\/product\/yoast-seo-wordpress\/ -->\n<title>Agence hajj Omra La Courneuve | Agence exp\u00e9riment\u00e9e de qualit\u00e9<\/title>\n<meta name=\"description\" content=\"D\u00e9couvrez votre\u00a0Agence hajj Omra La Courneuve, pour profiter pleinement d\u2019un voyage spirituel en toute qui\u00e9tude !\" \/>\n<meta name=\"robots\" content=\"index, follow, max-snippet:-1, max-image-preview:large, max-video-preview:-1\" \/>\n<link rel=\"canonical\" href=\"https:\/\/www.haramainvoyages.com\/it\/agenzia-hajj-omra-la-courneuve\/\" \/>\n<meta property=\"og:locale\" content=\"it_IT\" \/>\n<meta property=\"og:type\" content=\"article\" \/>\n<meta property=\"og:title\" content=\"Agence hajj Omra La Courneuve | Agence exp\u00e9riment\u00e9e de qualit\u00e9\" \/>\n<meta property=\"og:description\" content=\"D\u00e9couvrez votre\u00a0Agence hajj Omra La Courneuve, pour profiter pleinement d\u2019un voyage spirituel en toute qui\u00e9tude !\" \/>\n<meta property=\"og:url\" content=\"https:\/\/www.haramainvoyages.com\/it\/agenzia-hajj-omra-la-courneuve\/\" \/>\n<meta property=\"og:site_name\" content=\"Haramain Voyages\" \/>\n<meta name=\"twitter:card\" content=\"summary_large_image\" \/>\n<meta name=\"twitter:label1\" content=\"Tempo di lettura stimato\" \/>\n\t<meta name=\"twitter:data1\" content=\"2 minuti\" \/>\n<script type=\"application\/ld+json\" class=\"yoast-schema-graph\">{\"@context\":\"https:\/\/schema.org\",\"@graph\":[{\"@type\":\"WebPage\",\"@id\":\"https:\/\/www.haramainvoyages.com\/agence-hajj-omra-la-courneuve\/\",\"url\":\"https:\/\/www.haramainvoyages.com\/agence-hajj-omra-la-courneuve\/\",\"name\":\"Agence hajj Omra La Courneuve | Agence exp\u00e9riment\u00e9e de qualit\u00e9\",\"isPartOf\":{\"@id\":\"https:\/\/www.haramainvoyages.com\/#website\"},\"datePublished\":\"2022-01-24T12:14:21+00:00\",\"description\":\"D\u00e9couvrez votre\u00a0Agence hajj Omra La Courneuve, pour profiter pleinement d\u2019un voyage spirituel en toute qui\u00e9tude !\",\"breadcrumb\":{\"@id\":\"https:\/\/www.haramainvoyages.com\/agence-hajj-omra-la-courneuve\/#breadcrumb\"},\"inLanguage\":\"it-IT\",\"potentialAction\":[{\"@type\":\"ReadAction\",\"target\":[\"https:\/\/www.haramainvoyages.com\/agence-hajj-omra-la-courneuve\/\"]}]},{\"@type\":\"BreadcrumbList\",\"@id\":\"https:\/\/www.haramainvoyages.com\/agence-hajj-omra-la-courneuve\/#breadcrumb\",\"itemListElement\":[{\"@type\":\"ListItem\",\"position\":1,\"name\":\"Accueil\",\"item\":\"https:\/\/www.haramainvoyages.com\/\"},{\"@type\":\"ListItem\",\"position\":2,\"name\":\"Agence hajj Omra La Courneuve\"}]},{\"@type\":\"WebSite\",\"@id\":\"https:\/\/www.haramainvoyages.com\/#website\",\"url\":\"https:\/\/www.haramainvoyages.com\/\",\"name\":\"Haramain Voyages\",\"description\":\"\",\"publisher\":{\"@id\":\"https:\/\/www.haramainvoyages.com\/#organization\"},\"potentialAction\":[{\"@type\":\"SearchAction\",\"target\":{\"@type\":\"EntryPoint\",\"urlTemplate\":\"https:\/\/www.haramainvoyages.com\/?s={search_term_string}\"},\"query-input\":{\"@type\":\"PropertyValueSpecification\",\"valueRequired\":true,\"valueName\":\"search_term_string\"}}],\"inLanguage\":\"it-IT\"},{\"@type\":\"Organization\",\"@id\":\"https:\/\/www.haramainvoyages.com\/#organization\",\"name\":\"Haramain Voyages\",\"url\":\"https:\/\/www.haramainvoyages.com\/\",\"logo\":{\"@type\":\"ImageObject\",\"inLanguage\":\"it-IT\",\"@id\":\"https:\/\/www.haramainvoyages.com\/#\/schema\/logo\/image\/\",\"url\":\"https:\/\/www.haramainvoyages.com\/wp-content\/uploads\/2019\/12\/lp-logo.jpg\",\"contentUrl\":\"https:\/\/www.haramainvoyages.com\/wp-content\/uploads\/2019\/12\/lp-logo.jpg\",\"width\":283,\"height\":174,\"caption\":\"Haramain Voyages\"},\"image\":{\"@id\":\"https:\/\/www.haramainvoyages.com\/#\/schema\/logo\/image\/\"}}]}<\/script>\n<!-- \/ Yoast SEO plugin. -->","yoast_head_json":{"title":"Agenzia hajj Omra La Courneuve | Agenzia di qualit\u00e0 con esperienza","description":"Scoprite la vostra agenzia hajj Omra La Courneuve, per vivere al meglio un viaggio spirituale in tutta tranquillit\u00e0!","robots":{"index":"index","follow":"follow","max-snippet":"max-snippet:-1","max-image-preview":"max-image-preview:large","max-video-preview":"max-video-preview:-1"},"canonical":"https:\/\/www.haramainvoyages.com\/it\/agenzia-hajj-omra-la-courneuve\/","og_locale":"it_IT","og_type":"article","og_title":"Agence hajj Omra La Courneuve | Agence exp\u00e9riment\u00e9e de qualit\u00e9","og_description":"D\u00e9couvrez votre\u00a0Agence hajj Omra La Courneuve, pour profiter pleinement d\u2019un voyage spirituel en toute qui\u00e9tude !","og_url":"https:\/\/www.haramainvoyages.com\/it\/agenzia-hajj-omra-la-courneuve\/","og_site_name":"Haramain Voyages","twitter_card":"summary_large_image","twitter_misc":{"Tempo di lettura stimato":"2 minuti"},"schema":{"@context":"https:\/\/schema.org","@graph":[{"@type":"WebPage","@id":"https:\/\/www.haramainvoyages.com\/agence-hajj-omra-la-courneuve\/","url":"https:\/\/www.haramainvoyages.com\/agence-hajj-omra-la-courneuve\/","name":"Agenzia hajj Omra La Courneuve | Agenzia di qualit\u00e0 con esperienza","isPartOf":{"@id":"https:\/\/www.haramainvoyages.com\/#website"},"datePublished":"2022-01-24T12:14:21+00:00","description":"Scoprite la vostra agenzia hajj Omra La Courneuve, per vivere al meglio un viaggio spirituale in tutta tranquillit\u00e0!","breadcrumb":{"@id":"https:\/\/www.haramainvoyages.com\/agence-hajj-omra-la-courneuve\/#breadcrumb"},"inLanguage":"it-IT","potentialAction":[{"@type":"ReadAction","target":["https:\/\/www.haramainvoyages.com\/agence-hajj-omra-la-courneuve\/"]}]},{"@type":"BreadcrumbList","@id":"https:\/\/www.haramainvoyages.com\/agence-hajj-omra-la-courneuve\/#breadcrumb","itemListElement":[{"@type":"ListItem","position":1,"name":"Accueil","item":"https:\/\/www.haramainvoyages.com\/"},{"@type":"ListItem","position":2,"name":"Agence hajj Omra La Courneuve"}]},{"@type":"WebSite","@id":"https:\/\/www.haramainvoyages.com\/#website","url":"https:\/\/www.haramainvoyages.com\/","name":"Viaggi Haramain","description":"","publisher":{"@id":"https:\/\/www.haramainvoyages.com\/#organization"},"potentialAction":[{"@type":"SearchAction","target":{"@type":"EntryPoint","urlTemplate":"https:\/\/www.haramainvoyages.com\/?s={search_term_string}"},"query-input":{"@type":"PropertyValueSpecification","valueRequired":true,"valueName":"search_term_string"}}],"inLanguage":"it-IT"},{"@type":"Organization","@id":"https:\/\/www.haramainvoyages.com\/#organization","name":"Viaggi Haramain","url":"https:\/\/www.haramainvoyages.com\/","logo":{"@type":"ImageObject","inLanguage":"it-IT","@id":"https:\/\/www.haramainvoyages.com\/#\/schema\/logo\/image\/","url":"https:\/\/www.haramainvoyages.com\/wp-content\/uploads\/2019\/12\/lp-logo.jpg","contentUrl":"https:\/\/www.haramainvoyages.com\/wp-content\/uploads\/2019\/12\/lp-logo.jpg","width":283,"height":174,"caption":"Haramain Voyages"},"image":{"@id":"https:\/\/www.haramainvoyages.com\/#\/schema\/logo\/image\/"}}]}},"_links":{"self":[{"href":"https:\/\/www.haramainvoyages.com\/it\/wp-json\/wp\/v2\/pages\/8842","targetHints":{"allow":["GET"]}}],"collection":[{"href":"https:\/\/www.haramainvoyages.com\/it\/wp-json\/wp\/v2\/pages"}],"about":[{"href":"https:\/\/www.haramainvoyages.com\/it\/wp-json\/wp\/v2\/types\/page"}],"author":[{"embeddable":true,"href":"https:\/\/www.haramainvoyages.com\/it\/wp-json\/wp\/v2\/users\/1"}],"replies":[{"embeddable":true,"href":"https:\/\/www.haramainvoyages.com\/it\/wp-json\/wp\/v2\/comments?post=8842"}],"version-history":[{"count":1,"href":"https:\/\/www.haramainvoyages.com\/it\/wp-json\/wp\/v2\/pages\/8842\/revisions"}],"predecessor-version":[{"id":8843,"href":"https:\/\/www.haramainvoyages.com\/it\/wp-json\/wp\/v2\/pages\/8842\/revisions\/8843"}],"wp:attachment":[{"href":"https:\/\/www.haramainvoyages.com\/it\/wp-json\/wp\/v2\/media?parent=8842"}],"curies":[{"name":"wp","href":"https:\/\/api.w.org\/{rel}","templated":true}]}}